{"id":2,"date":"2020-03-30T09:39:53","date_gmt":"2020-03-30T09:39:53","guid":{"rendered":"https:\/\/aquabluepiscine.ro\/store\/?page_id=2"},"modified":"2021-02-26T12:08:44","modified_gmt":"2021-02-26T12:08:44","slug":"sample-page","status":"publish","type":"page","link":"https:\/\/aquabluepiscine.ro\/store\/sample-page\/","title":{"rendered":"Acas\u0103"},"content":{"rendered":"<p><strong>Bine ati venit la\u00a0,,Aquablue Piscine &#8221;\u00a0n\u0103scuta \u00een scopul de a servi chiar \u0219i celor mai exigente cerin\u021be specifice ale pie\u021bei.<\/strong><\/p>\n<p><strong>Baz\u00e2ndu-ne pe mai mul\u021bi ani de experien\u021b\u0103, oferim :<\/strong><\/p>\n<p><strong>solu\u021bii inovatoare pentru spa\u021bii private \u0219i publice , av\u00e2nd grij\u0103 de detalii: de la proiectare la tehnologiile de filtrare si finisaje.Elemente care vor permite ,,Aquablue Piscine&#8221;a traduce visele dumneavoastr\u0103 \u00een realitate.<\/strong><\/p>\n<p><strong>TEHNOLOGII<\/strong><br \/>\n<strong>,,Aquablue Piscine &#8221; este \u00een cercetare continu\u0103 \u0219i evolu\u021bie, \u00een ceea ce prive\u0219te construc\u021bia paletelor<\/strong><\/p>\n<p><strong>tehnologice: de la tehnica de beton armat tradi\u021bional la cea de prefabricate, de la structuri din o\u021bel la cele din fibra de sticla. ,,Aquablue Piscine&#8221;\u00a0realizeaza sisteme de dezinfectare la sare, UV, ozon,ioni de argint \u0219i cupru.<\/strong><\/p>\n<p><strong>ASISTEN\u021a\u0102<\/strong><br \/>\n<strong>Profesionalismul \u0219i disponibilitatea unei companii cum ar fi ,,Aquablue Piscine, sunt factorii care ne fac fiabili din toate punctele de vedere \u0219i care conduc clientul s\u0103 se simt\u0103 \u00een m\u00e2ini bune. Pornind de la produse chimice, accesorii, p\u00e2n\u0103 la men\u021binerea tratamentului apei \u0219i a paletelor de dezinfec\u021bie ,,Aquablue Piscine &#8221; r\u0103spunde prompt tuturor\u00a0<\/strong><\/p>\n<p><strong>Convins de a oferi un produs excelent \u00een ceea ce prive\u0219te ,,calitate \u0219i servicii&#8221; pentru cei care decid s\u0103 realizeze Piscine cu ,,Aquablue &#8220;, voi continua s\u0103 promovez\u00a0calea cea dreapt\u0103 de a face bine, oferind proiecte la cheie \u0219i asisten\u021b\u0103 total\u0103.<\/strong><\/p>\n<p><strong>\u00a0<\/strong><\/p>\n<p><strong>Constructor Piscine &#8211; Aquablue\u00a0<\/strong><\/p>\n<p><strong>\u00a0 \u00a0 \u00a0 \u00a0 ,, construim \u00eempreun\u0103 cu tine&#8230;.&#8221;<\/strong><\/p>\n<p><strong>Experienta in domeniul piscinelor venim in sprijinul dumneavoastra cu produse de calitate si seriozitate.<\/strong><br \/>\n<strong>Executam Piscine din boltari de beton de diverse forme si marimi, finisate cu liner dubluarmat cu plasa sintetica, grosimea de 1,5 mm, diverse modele si culori.<\/strong><br \/>\n<strong>Speciali\u0219tii montaj pvc Liner si instalatii electrice si hidraulice pt. Piscine.<\/strong><\/p>\n<p><strong>Piscine avantajoase din punct de vedere a costurilor si a timpului de executie.\u00a0<\/strong><\/p>\n<p><strong>\u00a0 ,, Piscina pentru o viata &#8220;<\/strong><\/p>\n<p><strong>e-mail: contact@aquabluepiscine.ro<\/strong><\/p>\n<p><strong>tel. 0771507552\u00a0<\/strong><\/p>\n<p><strong>\u00a0<\/strong><\/p>\n","protected":false},"excerpt":{"rendered":"<p>Bine ati venit la\u00a0,,Aquablue Piscine &#8221;\u00a0n\u0103scuta \u00een scopul de a servi chiar \u0219i celor mai exigente cerin\u021be specifice ale pie\u021bei. Baz\u00e2ndu-ne pe mai mul\u021bi ani de experien\u021b\u0103, oferim : solu\u021bii inovatoare pentru spa\u021bii private \u0219i publice , av\u00e2nd grij\u0103 de detalii: de la proiectare la tehnologiile de filtrare si finisaje.Elemente care vor permite ,,Aquablue Piscine&#8221;a &hellip;<br \/><a href=\"https:\/\/aquabluepiscine.ro\/store\/sample-page\/\" class=\"more-link pen_button pen_element_default pen_icon_arrow_double\">Continu\u0103 lectura <span class=\"screen-reader-text\">Acas\u0103<\/span><\/a><\/p>\n","protected":false},"author":1,"featured_media":2206,"parent":0,"menu_order":1,"comment_status":"closed","ping_status":"closed","template":"","meta":{"footnotes":""},"_links":{"self":[{"href":"https:\/\/aquabluepiscine.ro\/store\/wp-json\/wp\/v2\/pages\/2"}],"collection":[{"href":"https:\/\/aquabluepiscine.ro\/store\/wp-json\/wp\/v2\/pages"}],"about":[{"href":"https:\/\/aquabluepiscine.ro\/store\/wp-json\/wp\/v2\/types\/page"}],"author":[{"embeddable":true,"href":"https:\/\/aquabluepiscine.ro\/store\/wp-json\/wp\/v2\/users\/1"}],"replies":[{"embeddable":true,"href":"https:\/\/aquabluepiscine.ro\/store\/wp-json\/wp\/v2\/comments?post=2"}],"version-history":[{"count":31,"href":"https:\/\/aquabluepiscine.ro\/store\/wp-json\/wp\/v2\/pages\/2\/revisions"}],"predecessor-version":[{"id":2241,"href":"https:\/\/aquabluepiscine.ro\/store\/wp-json\/wp\/v2\/pages\/2\/revisions\/2241"}],"wp:featuredmedia":[{"embeddable":true,"href":"https:\/\/aquabluepiscine.ro\/store\/wp-json\/wp\/v2\/media\/2206"}],"wp:attachment":[{"href":"https:\/\/aquabluepiscine.ro\/store\/wp-json\/wp\/v2\/media?parent=2"}],"curies":[{"name":"wp","href":"https:\/\/api.w.org\/{rel}","templated":true}]}}