{"id":2137,"date":"2021-02-11T11:38:16","date_gmt":"2021-02-11T11:38:16","guid":{"rendered":"https:\/\/aquabluepiscine.ro\/store\/?page_id=2137"},"modified":"2021-02-18T11:22:53","modified_gmt":"2021-02-18T11:22:53","slug":"marca-inregistrata","status":"publish","type":"page","link":"https:\/\/aquabluepiscine.ro\/store\/marca-inregistrata\/","title":{"rendered":"Marc\u0103 \u00eenregistrat\u0103"},"content":{"rendered":"<p><img loading=\"lazy\" decoding=\"async\" class=\"aligncenter size-full wp-image-2141\" src=\"https:\/\/aquabluepiscine.ro\/store\/wp-content\/uploads\/2021\/02\/CERTIFICAT-OSIM-AQUABLUEPISCINE-site.jpg\" alt=\"Aqua Blue Piscine Certificat OSIM\" width=\"566\" height=\"800\" srcset=\"https:\/\/aquabluepiscine.ro\/store\/wp-content\/uploads\/2021\/02\/CERTIFICAT-OSIM-AQUABLUEPISCINE-site.jpg 566w, https:\/\/aquabluepiscine.ro\/store\/wp-content\/uploads\/2021\/02\/CERTIFICAT-OSIM-AQUABLUEPISCINE-site-212x300.jpg 212w, https:\/\/aquabluepiscine.ro\/store\/wp-content\/uploads\/2021\/02\/CERTIFICAT-OSIM-AQUABLUEPISCINE-site-350x495.jpg 350w\" sizes=\"(max-width: 566px) 100vw, 566px\" \/><\/p>\n","protected":false},"excerpt":{"rendered":"","protected":false},"author":1,"featured_media":2206,"parent":0,"menu_order":0,"comment_status":"closed","ping_status":"closed","template":"","meta":{"footnotes":""},"_links":{"self":[{"href":"https:\/\/aquabluepiscine.ro\/store\/wp-json\/wp\/v2\/pages\/2137"}],"collection":[{"href":"https:\/\/aquabluepiscine.ro\/store\/wp-json\/wp\/v2\/pages"}],"about":[{"href":"https:\/\/aquabluepiscine.ro\/store\/wp-json\/wp\/v2\/types\/page"}],"author":[{"embeddable":true,"href":"https:\/\/aquabluepiscine.ro\/store\/wp-json\/wp\/v2\/users\/1"}],"replies":[{"embeddable":true,"href":"https:\/\/aquabluepiscine.ro\/store\/wp-json\/wp\/v2\/comments?post=2137"}],"version-history":[{"count":1,"href":"https:\/\/aquabluepiscine.ro\/store\/wp-json\/wp\/v2\/pages\/2137\/revisions"}],"predecessor-version":[{"id":2142,"href":"https:\/\/aquabluepiscine.ro\/store\/wp-json\/wp\/v2\/pages\/2137\/revisions\/2142"}],"wp:featuredmedia":[{"embeddable":true,"href":"https:\/\/aquabluepiscine.ro\/store\/wp-json\/wp\/v2\/media\/2206"}],"wp:attachment":[{"href":"https:\/\/aquabluepiscine.ro\/store\/wp-json\/wp\/v2\/media?parent=2137"}],"curies":[{"name":"wp","href":"https:\/\/api.w.org\/{rel}","templated":true}]}}