{"id":2221,"date":"2021-02-23T16:13:12","date_gmt":"2021-02-23T16:13:12","guid":{"rendered":"https:\/\/aquabluepiscine.ro\/store\/?page_id=2221"},"modified":"2021-02-26T12:05:00","modified_gmt":"2021-02-26T12:05:00","slug":"termeni-si-conditii","status":"publish","type":"page","link":"https:\/\/aquabluepiscine.ro\/store\/termeni-si-conditii\/","title":{"rendered":"TERMENI SI CONDITII"},"content":{"rendered":"<p>Termenii si conditiile noastre, cum se livreaza produsele noastre si tot ce ai nevoie sa stii pentru a avea produsul dorit.<\/p>\n<p>SC AQUA BLUE SRL<br \/>\nStr. Dumbrava Nr: 13<br \/>\nZalau, jud. Salaj, cod postal\u00a0 450117<br \/>\nJ31\/734\/2006<br \/>\nCOD FISCAL: RO19165786<\/p>\n<p>Vizitarea sau cump\u0103rarea produselor de pe site-ul <strong>AQUABLUEPISCINE.RO<\/strong> implic\u0103 \u00een mod automat acceptarea acestor termeni \u0219i condi\u021bii. De asemenea, folosirea oric\u0103ror alte servicii curente sau viitoare furnizate de <strong>AQUA BLUE SRL<\/strong> , implic\u0103 acceptarea acelora\u0219i termeni \u0219i condi\u021bii.<br \/>\nUtilizatorul consimte s\u0103 primeasc\u0103 comunic\u0103ri pe cale electronic\u0103, fie prin e-mail, fie prin afi\u0219are pe site-ul <strong>AQUABLUEPISCINE.RO<\/strong>. Utilizatorul este de acord cu faptul c\u0103 toate comunic\u0103rile electronice satisfac acelea\u0219i cerin\u021be legale ca \u0219i comunic\u0103rile \u00een scris.<br \/>\n<strong>AQUABLUEPISCINE.RO<\/strong> duce o politic\u0103 strict\u0103 de respectare a confiden\u021bialit\u0103\u021bii datelor clien\u021bilor astfel c\u0103 nu se vor\u00a0 transmite datele personale ale clien\u021bilor c\u0103tre ter\u021bi \u0219i s\u0103 le foloseasc\u0103 numai \u00een scopul pentru care au fost introduse (efectuarea comenzii). <strong>AQUABLUEPISCINE.RO<\/strong> nu \u00eencurajeaza SPAM-ul, nu furnizeaz\u0103 adresa dumneavoastra de e-mail unor ter\u021bi (persoane fizice sau juridice) \u0219i nu vinde, nu ofer\u0103, nu face schimb de adrese e-mail ob\u021binute prin intermediul acestui site.<br \/>\nTot continutul site-ului <strong>AQUABLUEPISCINE.RO<\/strong> (text, grafice, imagini, butoane, clipuri, script-uri, programe \u0219i orice alte date) este proprietatea <strong>AQUA BLUE SRL<\/strong> \u0219i\/sau a asociatilor, partenerilor \u0219i\/sau furnizorilor s\u0103i \u0219i este protejat in conformitate cu Legea drepturilor de autor. Graficele, emblema, antetul \u0219i imaginile de pe <strong>AQUABLUEPISCINE.RO<\/strong> nu pot fi folosite \u00een legatur\u0103 cu produse sau servicii care nu apar\u021bin\u00a0 sau <strong>AQUA BLUE SRL<\/strong> &#8211; <strong>AQUABLUEPISCINE.RO<\/strong> , \u00eentr-o manier\u0103 care s\u0103 creeze confuzie printre clien\u021bi sau care s\u0103 discrediteze <strong>AQUABLUEPISCINE.RO<\/strong> sau <strong>AQUA BLUE SRL<\/strong>.<br \/>\nVizitarea site-urilor la care se ajunge prin legaturi de pe <strong>AQUABLUEPISCINE.RO<\/strong> se face doar pe riscul utilizatorului, care va fi singurul responsabil de luarea m\u0103surilor ce se impun pentru evitarea viru\u0219ilor sau a altor elemente distructive. Posibilitatea de conectare \u0219i vizitare a altor site-uri, folosind site-ul <strong>AQUABLUEPISCINE.RO<\/strong>, nu implic\u0103 faptul c\u0103 societatea <strong>AQUA BLUE SRL<\/strong> este asociat\u0103 sau afiliat\u0103, sau c\u0103 r\u0103spunde \u00een vreun fel pentru materialele puse la dispozi\u021bie \u00een orice mod pe aceste site-uri.<br \/>\n<strong>AQUA BLUE SRL<\/strong> garanteaz\u0103 utilizatorului accesul limitat, \u00een scop personal pe site-ul <strong>AQUABLUEPISCINE.RO<\/strong> \u0219i nu \u00eei confer\u0103 dreptul de a descarca, modifica total sau par\u021bial, reproduce total sau par\u021bial site-ul, f\u0103r\u0103 acordul \u00een scris al <strong>AQUA BLUE SRL<\/strong>.<br \/>\n<strong>AQUABLUEPISCINE.RO<\/strong> \u0219i <strong>AQUA BLUE SRL<\/strong>. incearc\u0103 s\u0103 p\u0103streze acurate\u021bea informa\u021biilor. Totu\u0219i, <strong>AQUA BLUE SRL<\/strong>. nu garanteaz\u0103 c\u0103 descrierea produselor sau orice alt con\u021binut al site-ului este exact, complet, actualizat sau lipsit de erori \u0219i nu poate fi f\u0103cut\u0103 responsabil\u0103 \u00een cazul \u00een care produsele achizi\u021bionate nu corespund scopului pentru care au fost cump\u0103rate.<br \/>\nSite-ul www. <strong>AQUABLUEPISCINE.RO<\/strong> \u0219i materialele aferente sunt oferite \u201ca\u0219a cum sunt\u201d \u0219i \u201cat\u00e2t c\u00e2t sunt disponibile\u201d, f\u0103r\u0103 nici o garan\u021bie.<br \/>\nSocietatea <strong>AQUA BLUE SRL<\/strong> nu va fi facut\u0103 responsabil\u0103 \u0219i nici nu garanteaz\u0103 expres sau implicit, \u00een nici un fel, pentru func\u021bionarea sau func\u021bionalitatea site-ului, informa\u021biile sau con\u021binutul site-ului, materialele sau produsele de pe site, precum \u0219i folosirea lor pentru un anumit scop. Vizitatorii sunt de acord \u00een mod expres cu faptul c\u0103 folosirea acestui site \u0219i cumpararea produselor se face pe propriul risc.<br \/>\n<strong>AQUA BLUE SRL<\/strong> nu va fi facut\u0103 responsabil\u0103 pentru nici un fel de pagube, de orice tip, incluzand, dar nu limitativ, orice daune directe, indirecte sau incidentale.<br \/>\n<strong>AQUA BLUE SRL<\/strong> nu \u00ee\u0219i asum\u0103 responsabilitatea pentru pierderile de informa\u021bii cauzate de orice defec\u021biuni sau erori ale softului cu care este conceput \u0219i gazduit site-ul.<br \/>\nOrice tentativ\u0103 de acces neautorizat la site-ul <strong>AQUABLUEPISCINE.RO<\/strong> \u0219i orice \u00eencercare de fraud\u0103 va fi raportata autorit\u0103\u021bilor competente.<br \/>\nPrin folosirea (vizitarea sau cumpararea produselor) site-ului, utilizatorul se declar\u0103 de acord asupra faptului c\u0103 legile rom\u00e2ne vor guverna Condi\u021biile \u0219i Termenii de utilizare de mai sus \u0219i orice disput\u0103 de orice fel care ar putea s\u0103 apar\u0103 \u00eentre utilizator \u0219i societatea <strong>AQUA BLUE SRL<\/strong>. Pentru orice defect constatat \u00een urma cump\u0103r\u0103rii unui produs de pe site-ul <strong>AQUABLUEPISCINE.RO<\/strong>, cump\u0103r\u0103torul poate solicita cf. HG 665\/1995 (Art. 5, 6) repararea sau \u00eenlocuirea produsului defect. Aceasta se va face in urma prezentarii produsului de c\u0103tre cump\u0103r\u0103tor \u0219i a constat\u0103rii de c\u0103tre <strong>AQUA BLUE SRL<\/strong> a defectului reclamat.<br \/>\n<strong>AQUA BLUE SRL<\/strong> \u00ee\u0219i rezerv\u0103 dreptul, la discre\u021bia sa, de a efectua schimb\u0103ri \u00een orice moment cu privire la con\u021binutul site-ului <strong>AQUABLUEPISCINE.RO<\/strong>, politica, condi\u021biile \u0219i termenii de utilizare, f\u0103r\u0103 a fi necesar\u0103 vreo notificare prealabil\u0103 c\u0103tre utilizatori \u00een acest sens.<br \/>\nUtilizatorul <strong>AQUABLUEPISCINE.RO<\/strong> are obliga\u021bia de a verifica \u00een mod regulat termenii \u0219i condi\u021biile de utilizare. \u00cen cazul \u00een care nu este de acord cu modificarile aduse acestora de c\u0103tre <strong>AQUA BLUE SRL<\/strong>, va \u00eenceta utilizarea site-ului. Dac\u0103 utilizatorul continu\u0103 s\u0103 foloseasc\u0103 site-ul, se consider\u0103 c\u0103 este de acord cu modific\u0103rile efectuate.<\/p>\n<p><strong>Pentru ca noi credem \u00een produsele noastre 100%, oferim ceea ce se nume\u015fte \u2013 Garan\u0163ia 100%!\u00a0Ce \u00eenseamn\u0103 asta?<\/strong><\/p>\n<p><strong>1.\u00a0Garan\u0163ia 60 de zile:<\/strong><br \/>\nNoi ne d\u0103m silin\u0163a ca produsele noastre si serviciile s\u0103 fie f\u0103cute ca la carte, dar \u00een cazul \u00een care produsul se deterioreaz\u0103 \u00een 60 de zile de la achizi\u0163ionarea acestuia, noi vom suporta cheltuielile de transport \u015fi \u00ee\u0163i vom repara \u00een mod gratuit produsul.<\/p>\n<p><strong>2. Garan\u0163ia calit\u0103\u0163ii:<\/strong><br \/>\n\u00cen cazul \u00een care produsul nu coincide cu a\u015ftept\u0103rile tale, ai la dispozi\u0163ie 30 de zile pentru a schimba produsul sau po\u0163i opta pentru a primi banii \u00eenapoi. Produsul nu trebuie s\u0103 fie deteriorat sau s\u0103 prezinte urme de uzur\u0103, inclusiv ambalajul trebuie sa fie intact.\u00a0Cheltuielile de transport se suporta de catre client.<\/p>\n<p><strong>3. Garan\u0163ia satisfac\u0163iei:<\/strong><br \/>\nReturnarea produsului se poate face \u00een 30 de zile, oricare ar fi motivul pentru care o faci. Banii \u00ee\u0163i vor fi returna\u0163i prin transfer bancar in termen de 10 zile lucratoare. Te rugam sa citesti cu atentie descrierea fiecarui produs inainte de a plasa comanda. Produsul nu trebuie sa fie deteriorat sau s\u0103 prezinte urme de uzura. Cheltuielile de transport se suporta de catre client.<\/p>\n<p><strong>4. Garan\u0163ia pentru livrare:<\/strong><br \/>\n\u00cen cazul \u00een care, la tine vor ajunge produsele deteriorate, noi \u00ee\u0163i schimb\u0103m produsul sau \u00ee\u0163i trimitem banii \u00eenapoi pentru acestea. Important este s\u0103 fim anun\u0163a\u0163i pentru a lua m\u0103surile de rigoare. In cazul acesta, cheltuielile de transport vor fi suportate\u00a0de noi.<\/p>\n<p><strong>5. Garan\u0163ia pentru livrare la timp:<\/strong><br \/>\n\u00cen cazul \u00een care curierul nu ajunge la tine \u00een timpul precizat, noi \u00ee\u0163i oferim 20% reducere la urm\u0103toarea comand\u0103. Indiferent c\u0103 nu \u0163ine de noi acest lucru, noi vrem s\u0103 te \u015ftim mul\u0163umit.<\/p>\n<p><strong>6. Consiliere gratuit\u0103<\/strong><br \/>\nAi nevoie de un sfat? Vrei o p\u0103rere despre cum s\u0103 alegi un cadou cuiva? Noi \u00ee\u0163i st\u0103m la dispozi\u0163ie! Scrie-ne pe adresa de e-mail: contact@aquabluepiscine.ro.<\/p>\n","protected":false},"excerpt":{"rendered":"<p>Termenii si conditiile noastre, cum se livreaza produsele noastre si tot ce ai nevoie sa stii pentru a avea produsul dorit. SC AQUA BLUE SRL Str. Dumbrava Nr: 13 Zalau, jud. Salaj, cod postal\u00a0 450117 J31\/734\/2006 COD FISCAL: RO19165786 Vizitarea sau cump\u0103rarea produselor de pe site-ul AQUABLUEPISCINE.RO implic\u0103 \u00een mod automat acceptarea acestor termeni \u0219i &hellip;<br \/><a href=\"https:\/\/aquabluepiscine.ro\/store\/termeni-si-conditii\/\" class=\"more-link pen_button pen_element_default pen_icon_arrow_double\">Continu\u0103 lectura <span class=\"screen-reader-text\">TERMENI SI CONDITII<\/span><\/a><\/p>\n","protected":false},"author":1,"featured_media":2206,"parent":0,"menu_order":0,"comment_status":"closed","ping_status":"closed","template":"","meta":{"footnotes":""},"_links":{"self":[{"href":"https:\/\/aquabluepiscine.ro\/store\/wp-json\/wp\/v2\/pages\/2221"}],"collection":[{"href":"https:\/\/aquabluepiscine.ro\/store\/wp-json\/wp\/v2\/pages"}],"about":[{"href":"https:\/\/aquabluepiscine.ro\/store\/wp-json\/wp\/v2\/types\/page"}],"author":[{"embeddable":true,"href":"https:\/\/aquabluepiscine.ro\/store\/wp-json\/wp\/v2\/users\/1"}],"replies":[{"embeddable":true,"href":"https:\/\/aquabluepiscine.ro\/store\/wp-json\/wp\/v2\/comments?post=2221"}],"version-history":[{"count":1,"href":"https:\/\/aquabluepiscine.ro\/store\/wp-json\/wp\/v2\/pages\/2221\/revisions"}],"predecessor-version":[{"id":2222,"href":"https:\/\/aquabluepiscine.ro\/store\/wp-json\/wp\/v2\/pages\/2221\/revisions\/2222"}],"wp:featuredmedia":[{"embeddable":true,"href":"https:\/\/aquabluepiscine.ro\/store\/wp-json\/wp\/v2\/media\/2206"}],"wp:attachment":[{"href":"https:\/\/aquabluepiscine.ro\/store\/wp-json\/wp\/v2\/media?parent=2221"}],"curies":[{"name":"wp","href":"https:\/\/api.w.org\/{rel}","templated":true}]}}