{"id":70,"date":"2020-04-01T11:47:51","date_gmt":"2020-04-01T11:47:51","guid":{"rendered":"https:\/\/aquabluepiscine.ro\/store\/?page_id=70"},"modified":"2021-02-24T07:30:42","modified_gmt":"2021-02-24T07:30:42","slug":"despre-noi","status":"publish","type":"page","link":"https:\/\/aquabluepiscine.ro\/store\/despre-noi\/","title":{"rendered":"Despre noi"},"content":{"rendered":"<p><strong>Din 2000<\/strong> am lucrat la o firma de <strong>Piscine<\/strong> in <strong>Italia,<\/strong> am acumulat o experient\u0103 semnificativ\u0103 \u00een constructia si \u00eentretinerea piscinelor prefabricate. Ofer o gama variata de piscine: piscine prefabricate care sunt conditionate de marimi si forme diferite , piscine din panouri metalice placate cu <strong>Liner PVC<\/strong>, piscine din blocheti de polistiren armate cu beton si placate cu <strong>Liner PVC<\/strong>.<\/p>\n<p><b>Aqua blue srl<\/b> este o firma cu o echipa de specialisti care au o experienta de peste 20 ani in domeniul constructiilor de piscine.<\/p>\n","protected":false},"excerpt":{"rendered":"<p>Din 2000 am lucrat la o firma de Piscine in Italia, am acumulat o experient\u0103 semnificativ\u0103 \u00een constructia si \u00eentretinerea piscinelor prefabricate. Ofer o gama variata de piscine: piscine prefabricate care sunt conditionate de marimi si forme diferite , piscine din panouri metalice placate cu Liner PVC, piscine din blocheti de polistiren armate cu beton &hellip;<br \/><a href=\"https:\/\/aquabluepiscine.ro\/store\/despre-noi\/\" class=\"more-link pen_button pen_element_default pen_icon_arrow_double\">Continu\u0103 lectura <span class=\"screen-reader-text\">Despre noi<\/span><\/a><\/p>\n","protected":false},"author":1,"featured_media":71,"parent":0,"menu_order":3,"comment_status":"closed","ping_status":"closed","template":"","meta":{"footnotes":""},"_links":{"self":[{"href":"https:\/\/aquabluepiscine.ro\/store\/wp-json\/wp\/v2\/pages\/70"}],"collection":[{"href":"https:\/\/aquabluepiscine.ro\/store\/wp-json\/wp\/v2\/pages"}],"about":[{"href":"https:\/\/aquabluepiscine.ro\/store\/wp-json\/wp\/v2\/types\/page"}],"author":[{"embeddable":true,"href":"https:\/\/aquabluepiscine.ro\/store\/wp-json\/wp\/v2\/users\/1"}],"replies":[{"embeddable":true,"href":"https:\/\/aquabluepiscine.ro\/store\/wp-json\/wp\/v2\/comments?post=70"}],"version-history":[{"count":4,"href":"https:\/\/aquabluepiscine.ro\/store\/wp-json\/wp\/v2\/pages\/70\/revisions"}],"predecessor-version":[{"id":2244,"href":"https:\/\/aquabluepiscine.ro\/store\/wp-json\/wp\/v2\/pages\/70\/revisions\/2244"}],"wp:featuredmedia":[{"embeddable":true,"href":"https:\/\/aquabluepiscine.ro\/store\/wp-json\/wp\/v2\/media\/71"}],"wp:attachment":[{"href":"https:\/\/aquabluepiscine.ro\/store\/wp-json\/wp\/v2\/media?parent=70"}],"curies":[{"name":"wp","href":"https:\/\/api.w.org\/{rel}","templated":true}]}}