{"id":75,"date":"2020-04-01T11:54:56","date_gmt":"2020-04-01T11:54:56","guid":{"rendered":"https:\/\/aquabluepiscine.ro\/store\/?page_id=75"},"modified":"2021-02-26T12:10:29","modified_gmt":"2021-02-26T12:10:29","slug":"asistenta","status":"publish","type":"page","link":"https:\/\/aquabluepiscine.ro\/store\/asistenta\/","title":{"rendered":"Asisten\u021b\u0103"},"content":{"rendered":"<p>\u00cen caz c\u0103 nu \u0219ti\u021bi de unde s\u0103 incepe\u021bi cand dori\u021bi s\u0103 va construi\u021bi piscina sau ave\u021bi neclarit\u0103\u021bi privind \u00eentre\u021binerea acesteia, aici pute\u021bi g\u0103si informa\u021biile de care ave\u021bi nevoie. Dac\u0103 cumva acestea nu v\u0103 r\u0103spund tuturor \u00eentreb\u0103rilor nu ezita\u021bi s\u0103 ne <a href=\"\/store\/contact\/\">contacta\u021bi<\/a>.<\/p>\n<details>\n<summary><span style=\"color: #0000ff;\"><strong>Sfaturi pentru construire<\/strong><\/span><\/summary>\n<p>Pentru a realiza piscina dumneavoastr\u0103 e nevoie de un proiect bun \u0219i o firm\u0103 serioas\u0103, care va oferi garan\u021bii de calitate &#8220;O bun\u0103 func\u021bionare pe o perioad\u0103 c\u00e2t mai \u00eendelungat\u0103&#8221;<\/p>\n<p>Piscina poate fi din prefabricate s-au beton armat tradi\u021bional ; \u00een form\u0103 liber\u0103 sau regulat\u0103, sistem cu skimmer sau cu canal perimetral, (LUCIU DE APA ) \u00een func\u021bie de necesit\u0103\u021bi, at\u00e2t din punctul de vedere al gustului, c\u00e2t \u0219i func\u021bie de caracteristicile de mediu ale zonei \u00een care piscina trebuie construita.<\/p>\n<p>Construirea unei piscine este o investi\u021bie \u0219i trebuie s\u0103 fie rezultatul unor alegeri tehnice f\u0103cute cu precau\u021bie pentru a se evita modific\u0103ri ulterioare. Cel mai bun moment de realizare a proiectului este Septembrie &#8211; Octombrie, \u00eenc\u00e2t s\u0103 pute\u021bi ajusta proiectul \u00een toate detaliil sale \u0219i, la \u00eenceputul prim\u0103verii sa se \u00eenceap\u0103 constructia piscinei.<\/p>\n<p><strong>APA PURA SI TRANSPARENTA<\/strong> pentru baie \u00een condi\u021bii de siguran\u021b\u0103: necesita un tratament adecvat al apei (circulatie \/ filtrare) \u0219i dezinfec\u021bie cu produse specifice pentru a crea condi\u021biile necesare realiz\u0103rii unui bazin de \u00eenot de \u00eenalt\u0103 calitate.<\/p>\n<\/details>\n<p>&nbsp;<\/p>\n<details>\n<summary><span style=\"color: #0000ff;\"><strong>Cheltuieli de func\u021bionare<\/strong><\/span><\/summary>\n<p>Cu o instala\u021bie corect dimensionata, cheltuielile de administrare nu sunt mari. Singura investi\u021bie real\u0103 este cea ini\u021bial\u0103.Piscina din punct de vedere tehnic poate fi \u00eemp\u0103r\u021bita dup\u0103 cum urmeaz\u0103:<\/p>\n<ul>\n<li>Locul<\/li>\n<li>Forma \u0219i tipul de preaplin<\/li>\n<li>Structura<\/li>\n<li>impermeabilizarea si stratul de finisaj<\/li>\n<li>instala\u021bia de filtrare Apa<\/li>\n<li>Sistemul de dezinfectare a apei<\/li>\n<li>Accesorii<\/li>\n<\/ul>\n<p><strong>Localizare<\/strong> &#8211; una dintre caracteristicile cheie ale piscinei este acela de a fi un element foarte flexibil, prin urmare, posibilitatea de a se adapta la orice spa\u021biu. Deci, nu v\u0103 descuraja\u021bi dac\u0103 spa\u021biul disponibil este mic,chear \u0219i \u00een aceste locuri se pot realiza cele mai frumoase piscine. Cel mai important lucru este plasarea piscinei \u00eentr-o zon\u0103 care s\u0103 asigure o expunere cat mai mare la soare \u00een timpul zilei, la ad\u0103post bun de v\u00e2nt, departe de copaci \u00eenal\u021bi \u0219i care s\u0103 permit\u0103, eventual, o buna intimitate.<\/p>\n<p><strong>Forma<\/strong> &#8211; clasice dreptunghiulare- pot fi considerate prea comune, a\u0219a c\u0103 aveti posibilitate de a alege forme mai fanteziste. Cu toate acestea,este bine de \u0219tiut,&#8221;acea originalitate vine la un pre\u021b mai mare &#8220;, \u00een special la piscinele din beton armat traditional. La piscinele din prefabricate toate acestea au fost dep\u0103\u0219ite datorit\u0103 formei libere de cofraje prefabricate care v\u0103 permit s\u0103 realizati o piscin\u0103 cu cele mai ciudate forme. Formele geometrice au unele avantaje incontestabile: \u00eentre\u021binere u\u0219oar\u0103, asigur\u0103 o bun\u0103 circula\u021bie a apei, o utilizare mai u\u0219oar\u0103 a echipamentelor de cur\u0103\u021bare automat\u0103.<\/p>\n<p><strong>Overflow<\/strong> &#8211; apele de suprafa\u021b\u0103 a bazinelor de \u00eenot pot fi construite prin skimmere sau prin intermediul canalului perimetral (LUCIU DE APA ). Skimmere sunt fante, prev\u0103zute cu flotoare de tragere \u0219i co\u0219uri de colectare de frunze, insecte, etc.; este cu siguran\u021b\u0103 cel mai r\u0103sp\u00e2ndit sistem datorita accesibilit\u0103\u021bii sale. Sistemul cu canal perimetral (LUCIU DE APA ) are avantaje fata de cele cu Skimmer, cum ar fi: evacuarea mai rapid\u0103 a materialelor str\u0103ine depozitate pe suprafa\u021ba indiferent de direc\u021bia v\u00e2ntului, lipsa de margine, mal de cur\u0103\u021bat , mai u\u0219or de \u00eenotat, datorit\u0103 faptului c\u0103 nu exist\u0103 nici un val de \u00eentoarcere cauzate de impactul apei de perete \u0219i \u00een final, cel mai bun rezultat estetic, datorit\u0103 faptului de a avea nivelul apei egal cu nivelul podelei.<\/p>\n<p><strong>Structura<\/strong> &#8211; este o parte importanta, ea trebuie s\u0103 reziste testului timp; betonul armat este, f\u0103r\u0103 \u00eendoial\u0103, cel mai potrivit material. Cea de beton armat poate fi realizat\u0103 \u00eentr-un mod tradi\u021bional sau cu cofrajele moderne iar cea din prefabricate (bol\u021bari beton ).\u00cen primul caz, dup\u0103 un tratament de impermeabilizare pot fi acoperite cu gresie sau cu mozaic de sticla elegant, rezultatul va fi un lucru foarte personalizabil \u0219i elegant, cu toate acestea, \u0219i costurile corespunz\u0103toare. \u00cen al doilea caz, acoperirea va fi tratat\u0103 cu o folie special\u0103 din PVC, care \u00eendepline\u0219te func\u021bia de impermeabilizare \u0219i de finisare (pre\u021b mai accesibil).<\/p>\n<p><strong>Sistemele de filtrare<\/strong> &#8211; o mare importan\u021b\u0103 este sistemul de circula\u021bie, filtrare \u0219i tratare a apei. Decisiv pentru rezultatul final, este necesar o dimensionare corect\u0103 a sistemului de filtrare, pozi\u021bionarea accesoriilor din rezervor (skimmere &#8211; guri de aerisire &#8230;), calculul de reciclare a apei, care trebuie s\u0103 aib\u0103 loc la o vitez\u0103 bine definita de timp minim, pentru a permite o bun\u0103 amestecare a produselor de filtrare \u0219i dezinfectare. Apa din piscina ar trebui s\u0103 fie \u00eentotdeauna clara, cristalina \u0219i pura, tehnologiile moderne aplicate \u00een mod corespunz\u0103tor permit acest lucru,,O OAZA DE RELAXARE &#8220;.Echipata, piscina privata, de obicei,,nu este mare&#8221;, ea poate deveni o piscin\u0103 &#8220;mare&#8221; dac\u0103 este \u00eembun\u0103t\u0103\u021bit\u0103 \u00een mod corespunz\u0103tor cu accesorii \u0219i mobilier de cas\u0103.<\/p>\n<\/details>\n<p>&nbsp;<\/p>\n<details>\n<summary><span style=\"color: #0000ff;\"><strong>Procedeu de preg\u0103tire a Piscinei pentru &#8220;iernat&#8221;<\/strong><\/span><\/summary>\n<p><i><u>De ce este important s\u0103 se preg\u0103teasc\u0103 bine piscina pentru iarna?<\/u><\/i><\/p>\n<p>Este o operatiune foarte importanta care ne scuteste de probleme in sezonul viitor. Instalatia piscinei trebuie golita foarte bine pentru a evita spargerea ei pe timpul iernii iar apa care ramane in piscina trebuie tratata chimic pentru a impiedica depunerea algelor si a calcarului pe peretii piscinei. \u00cen cazul \u00een care piscina este preg\u0103tit \u00een mod corespunz\u0103tor pentru iarna, apa va r\u0103m\u00e2ne limpede \u0219i curata pana \u00een prim\u0103vara \u0219i nu va trebui schimbat\u0103 complet. \u00cen urma sfatul nostru , pute\u021bi \u00eencepe sezonul urm\u0103tor cu senin\u0103tate , f\u0103r\u0103 a suporta costurii suplimentare de recuperare de ap\u0103 sau de repara\u021bii accesorii.<\/p>\n<p><i><u>E important a nu l\u0103sa piscina complet goal\u0103 \u00een timpul iernii!<\/u><\/i><\/p>\n<p>Lipsa de ap\u0103 poate modifica \u00eentr-adev\u0103r, echilibrul de for\u021be care ac\u021bioneaz\u0103 asupra structurii piscinei , l\u0103s\u00e2nd doar ap\u0103sare persistenta de la sol spre interior. \u00cen plus, f\u0103r\u0103 prezen\u021ba apei va avea loc uzura prematura a Piscinei, favorizeaz\u0103 posibilitatea de infiltrare a apei din afara \u00een interiorul piscinei. Piscina trebuie lasata par\u021bial umpluta cu ap\u0103 \u00een timpul iernii. Acest lucru este deosebit de important. Trebui s\u0103 se lase apa de cel pu\u021bin 1\/2 sau 2\/3 ca balast, pentru a preveni apa freatic\u0103 (apa de sub piscina)sa nu se infiltreze sub membrana PVC . Pe l\u00e2ng\u0103 acesta, apa din piscina \u00eengreuneaz\u0103 membrana \u0219i aceasta r\u0103m\u00e2ne sub tensiune f\u0103r\u0103 a provoca \u00eencre\u021bituri, ceea ce se \u00eent\u00e2mpl\u0103 foarte des \u00een piscine goale cu membran\u0103 PVC Liner.<\/p>\n<p><i><u>De ce trebuie sa \u021binem cont atunci c\u00e2nd ne preg\u0103tim piscina pentru iarna?<\/u><\/i><\/p>\n<p>Preg\u0103tirea piscinei pentru ,,iernat &#8221; trebuie efectuat\u0103 atunci c\u00e2nd apa din piscin\u0103 are o temperatur\u0103 nu mai mare de 12-14 \u00b0 C. La aceast\u0103 temperatur\u0103 este deja \u00eencetinita cre\u0219terea algelor \u0219i au \u00eenceput s\u0103 se descompun\u0103.<\/p>\n<p><i><u>Etape de parcurs<\/u><\/i><\/p>\n<ol>\n<li>Curatarea piscinei &#8211; Aspira\u0163i fundul piscinei , cur\u0103\u0163a\u0163i pere\u021bii si suprafa\u0163a apei de frunze. Cur\u0103\u0163a\u0163i co\u015ful skimmerului<\/li>\n<li>Tratarea apei &#8211; Cu c\u00e2teva zile \u00eenainte de preg\u0103tirea piscinei pentru&#8221;iernat&#8221; ar trebui s\u0103 efectueze un clor soc (OXY CLOR SHOCK sau CLOR granulare) pentru a elimina toate bacteriile.<\/li>\n<li>Goli\u0163i apa din piscin\u0103 p\u00e2n\u0103 c\u00e2nd nivelui apei scade sub nivelul celor mai jos accesorii de perete (cu aproximativ 15 -20 cm), dar cu respectarea condi\u0163iei ca \u00een piscina , sa nu r\u0103m\u00e2n\u0103 mai pu\u0163in de 50 cm ap\u0103.<\/li>\n<li>Filtru de nisip &#8211; Golirea apei din filtrul de nisip prin deschiderea de scurgere \u00een partea inferioar\u0103 a filtrului. L\u0103sa\u021bi capacul \u0219i scurgere \u00een partea de jos a filtrului deschis \u00een timpul iernii.Mi\u0219ca\u021bi maneta de supapa de comand\u0103 \u00een pozi\u021bia neutr\u0103.Capacul filtrului trebuie s\u0103 fie l\u0103sat\u0103 deschis\u0103 \u00een timpul iernii.<\/li>\n<li>Pompa piscina &#8211; Toate pompele de piscin\u0103 sunt golite prin deschiderea supapelor de scurgere a apei (1-2 valve!). \u00cen cazul \u00een care camera tehnica este umeda, le pute\u021bi stoca \u00eentr-un loc uscat la domiciliul dumneavoastr\u0103. Pentru pompele de dozare clor\/pH, scoate\u0163i sonda de citire din instala\u0163ie \u015fi introduce\u0163i-o \u00eentr-un recipient cu ap\u00e3, care trebuie protejat de \u00eenghe\u0163.<\/li>\n<li>Toate echipamentele electrice vor fi deconectate de la alimentarea cu energie electric\u00e3.<\/li>\n<li>Scara din inox dac\u0103 exist\u0103 trebuie scoas\u0103 din sistemul de prindere \u015fi depozitat\u00e3 \u00eentr-un loc uscat.<\/li>\n<\/ol>\n<p><i><u>Prelata pentru Piscina<\/u><\/i><br \/>\nPentru iernarea corecta a unei piscine este necesara aplicarea unei prelate speciale pentru iarna. Inainte de a intinde prelata este recomandat sa instalati pe marginile piscinei spargatoare de gheata, pentru a preveni deteriorarea linerului si a integritatii generale a bazinului datorita presiunii exercitate de gheata asupra peretilor sai.<\/p>\n<\/details>\n","protected":false},"excerpt":{"rendered":"<p>\u00cen caz c\u0103 nu \u0219ti\u021bi de unde s\u0103 incepe\u021bi cand dori\u021bi s\u0103 va construi\u021bi piscina sau ave\u021bi neclarit\u0103\u021bi privind \u00eentre\u021binerea acesteia, aici pute\u021bi g\u0103si informa\u021biile de care ave\u021bi nevoie. Dac\u0103 cumva acestea nu v\u0103 r\u0103spund tuturor \u00eentreb\u0103rilor nu ezita\u021bi s\u0103 ne contacta\u021bi. Sfaturi pentru construire Pentru a realiza piscina dumneavoastr\u0103 e nevoie de un proiect &hellip;<br \/><a href=\"https:\/\/aquabluepiscine.ro\/store\/asistenta\/\" class=\"more-link pen_button pen_element_default pen_icon_arrow_double\">Continu\u0103 lectura <span class=\"screen-reader-text\">Asisten\u021b\u0103<\/span><\/a><\/p>\n","protected":false},"author":1,"featured_media":76,"parent":0,"menu_order":9,"comment_status":"closed","ping_status":"closed","template":"","meta":{"footnotes":""},"_links":{"self":[{"href":"https:\/\/aquabluepiscine.ro\/store\/wp-json\/wp\/v2\/pages\/75"}],"collection":[{"href":"https:\/\/aquabluepiscine.ro\/store\/wp-json\/wp\/v2\/pages"}],"about":[{"href":"https:\/\/aquabluepiscine.ro\/store\/wp-json\/wp\/v2\/types\/page"}],"author":[{"embeddable":true,"href":"https:\/\/aquabluepiscine.ro\/store\/wp-json\/wp\/v2\/users\/1"}],"replies":[{"embeddable":true,"href":"https:\/\/aquabluepiscine.ro\/store\/wp-json\/wp\/v2\/comments?post=75"}],"version-history":[{"count":9,"href":"https:\/\/aquabluepiscine.ro\/store\/wp-json\/wp\/v2\/pages\/75\/revisions"}],"predecessor-version":[{"id":2265,"href":"https:\/\/aquabluepiscine.ro\/store\/wp-json\/wp\/v2\/pages\/75\/revisions\/2265"}],"wp:featuredmedia":[{"embeddable":true,"href":"https:\/\/aquabluepiscine.ro\/store\/wp-json\/wp\/v2\/media\/76"}],"wp:attachment":[{"href":"https:\/\/aquabluepiscine.ro\/store\/wp-json\/wp\/v2\/media?parent=75"}],"curies":[{"name":"wp","href":"https:\/\/api.w.org\/{rel}","templated":true}]}}