{"id":84,"date":"2020-04-01T12:10:29","date_gmt":"2020-04-01T12:10:29","guid":{"rendered":"https:\/\/aquabluepiscine.ro\/store\/?page_id=84"},"modified":"2020-04-02T12:42:40","modified_gmt":"2020-04-02T12:42:40","slug":"servicii","status":"publish","type":"page","link":"https:\/\/aquabluepiscine.ro\/store\/servicii\/","title":{"rendered":"Servicii"},"content":{"rendered":"<div class=\"row\">\n<div class=\"col-9 col-12-medium\">\n<div id='gallery-1' class='gallery galleryid-84 gallery-columns-3 gallery-size-medium'><figure class='gallery-item'>\n\t\t\t<div class='gallery-icon landscape'>\n\t\t\t\t<a href='https:\/\/aquabluepiscine.ro\/store\/wp-content\/uploads\/2020\/04\/serv3.jpg'><img loading=\"lazy\" decoding=\"async\" width=\"300\" height=\"225\" src=\"https:\/\/aquabluepiscine.ro\/store\/wp-content\/uploads\/2020\/04\/serv3-300x225.jpg\" class=\"attachment-medium size-medium\" alt=\"\" srcset=\"https:\/\/aquabluepiscine.ro\/store\/wp-content\/uploads\/2020\/04\/serv3-300x225.jpg 300w, https:\/\/aquabluepiscine.ro\/store\/wp-content\/uploads\/2020\/04\/serv3.jpg 600w\" sizes=\"(max-width: 300px) 100vw, 300px\" \/><\/a>\n\t\t\t<\/div><\/figure><figure class='gallery-item'>\n\t\t\t<div class='gallery-icon landscape'>\n\t\t\t\t<a href='https:\/\/aquabluepiscine.ro\/store\/wp-content\/uploads\/2020\/04\/serv2.jpg'><img loading=\"lazy\" decoding=\"async\" width=\"300\" height=\"225\" src=\"https:\/\/aquabluepiscine.ro\/store\/wp-content\/uploads\/2020\/04\/serv2-300x225.jpg\" class=\"attachment-medium size-medium\" alt=\"\" srcset=\"https:\/\/aquabluepiscine.ro\/store\/wp-content\/uploads\/2020\/04\/serv2-300x225.jpg 300w, https:\/\/aquabluepiscine.ro\/store\/wp-content\/uploads\/2020\/04\/serv2.jpg 600w\" sizes=\"(max-width: 300px) 100vw, 300px\" \/><\/a>\n\t\t\t<\/div><\/figure><figure class='gallery-item'>\n\t\t\t<div class='gallery-icon landscape'>\n\t\t\t\t<a href='https:\/\/aquabluepiscine.ro\/store\/wp-content\/uploads\/2020\/04\/serv1.jpg'><img loading=\"lazy\" decoding=\"async\" width=\"300\" height=\"225\" src=\"https:\/\/aquabluepiscine.ro\/store\/wp-content\/uploads\/2020\/04\/serv1-300x225.jpg\" class=\"attachment-medium size-medium\" alt=\"\" srcset=\"https:\/\/aquabluepiscine.ro\/store\/wp-content\/uploads\/2020\/04\/serv1-300x225.jpg 300w, https:\/\/aquabluepiscine.ro\/store\/wp-content\/uploads\/2020\/04\/serv1.jpg 600w\" sizes=\"(max-width: 300px) 100vw, 300px\" \/><\/a>\n\t\t\t<\/div><\/figure>\n\t\t<\/div>\n\n<h3>Instalatii electrice si hidraulice pentru Piscine<\/h3>\n<p>Se recomand\u0103 adoptarea unui sistem de filtrare, care ofer\u0103 o buna recirculare a apei, la mi\u0219carea de suprafa\u021b\u0103, dar \u00een special pentru a men\u021bine s\u0103n\u0103toas\u0103 \u0219i clara piscina. Un sistem de filtrare ar trebui s\u0103 includ\u0103 elemente-cheie pentru a ob\u021bine rezultate acceptabile:<\/p>\n<ul>\n<li>un filtru, dimensionat la cantitatea de ap\u0103 care urmeaz\u0103 s\u0103 fie filtrat\u0103 \u00eentr-un anumit interval de timp, care are func\u021bia de a re\u021bine impurit\u0103\u021bile \u0219i bacterii prezente \u00een piscina.<\/li>\n<li>o pompa la capacitatea dimensionata al filtrului care \u00eempinge apa \u00een interiorul acestuia pentru filtrarea \u0219i ulterior \u00een piscina pentru a ob\u021bine o circula\u021bie bun\u0103 la suprafa\u021b\u0103.<\/li>\n<li>Un ABS supapa selectoare de \u0219ase pozi\u021bii , care v\u0103 permite s\u0103 direc\u021bioneze apa pentru fiecare cerin\u021b\u0103 ( sp\u0103lare filtru si cl\u0103tire nisip , \u00eenchidere instalatie,circula\u021bie apa, golire apa).<\/li>\n<\/ul>\n<p>TOATE SISTEMELE NOASTRE DE FILTRARE SUNT ECHIPATE CU CADRU ELECTRIC \u0218I TRANSFORMATOR PENTRU REFLECTOR CERTIFICATE<\/p>\n<\/div>\n<\/div>\n<div class=\"row\">\n<div class=\"col-9 col-12-medium\">\n<h3>Montaj PVC Liner<\/h3>\n<p>Placare cu PVC LINER Membrana de pvc Liner, extrem de rezistenta la rupere \u0219i uzur\u0103 , datorit\u0103 tesaturi dubluamate cu plasa sintetica, grosimea de 1,5 mm, rezistenta la intemperii (rezistenta crescuta la temperaturi sc\u0103zute \u0219i temperaturi ridicate ), tratata bacteriologic si \u00eempotriva razelor ultraviolete, calitate excelenta . De diverse forme si culori.<\/p>\n<\/div>\n<\/div>\n","protected":false},"excerpt":{"rendered":"<p>Instalatii electrice si hidraulice pentru Piscine Se recomand\u0103 adoptarea unui sistem de filtrare, care ofer\u0103 o buna recirculare a apei, la mi\u0219carea de suprafa\u021b\u0103, dar \u00een special pentru a men\u021bine s\u0103n\u0103toas\u0103 \u0219i clara piscina. Un sistem de filtrare ar trebui s\u0103 includ\u0103 elemente-cheie pentru a ob\u021bine rezultate acceptabile: un filtru, dimensionat la cantitatea de ap\u0103 &hellip;<br \/><a href=\"https:\/\/aquabluepiscine.ro\/store\/servicii\/\" class=\"more-link pen_button pen_element_default pen_icon_arrow_double\">Continu\u0103 lectura <span class=\"screen-reader-text\">Servicii<\/span><\/a><\/p>\n","protected":false},"author":1,"featured_media":0,"parent":0,"menu_order":4,"comment_status":"closed","ping_status":"closed","template":"","meta":{"footnotes":""},"_links":{"self":[{"href":"https:\/\/aquabluepiscine.ro\/store\/wp-json\/wp\/v2\/pages\/84"}],"collection":[{"href":"https:\/\/aquabluepiscine.ro\/store\/wp-json\/wp\/v2\/pages"}],"about":[{"href":"https:\/\/aquabluepiscine.ro\/store\/wp-json\/wp\/v2\/types\/page"}],"author":[{"embeddable":true,"href":"https:\/\/aquabluepiscine.ro\/store\/wp-json\/wp\/v2\/users\/1"}],"replies":[{"embeddable":true,"href":"https:\/\/aquabluepiscine.ro\/store\/wp-json\/wp\/v2\/comments?post=84"}],"version-history":[{"count":2,"href":"https:\/\/aquabluepiscine.ro\/store\/wp-json\/wp\/v2\/pages\/84\/revisions"}],"predecessor-version":[{"id":89,"href":"https:\/\/aquabluepiscine.ro\/store\/wp-json\/wp\/v2\/pages\/84\/revisions\/89"}],"wp:attachment":[{"href":"https:\/\/aquabluepiscine.ro\/store\/wp-json\/wp\/v2\/media?parent=84"}],"curies":[{"name":"wp","href":"https:\/\/api.w.org\/{rel}","templated":true}]}}