{"id":98,"date":"2020-04-01T12:51:36","date_gmt":"2020-04-01T12:51:36","guid":{"rendered":"https:\/\/aquabluepiscine.ro\/store\/?page_id=98"},"modified":"2020-04-02T12:42:52","modified_gmt":"2020-04-02T12:42:52","slug":"sistem-automat-de-filtrare","status":"publish","type":"page","link":"https:\/\/aquabluepiscine.ro\/store\/sistem-automat-de-filtrare\/","title":{"rendered":"Sistem automat de filtrare"},"content":{"rendered":"<p>De o mare importan\u021b\u0103 este sistemul de circula\u021bie, filtrare \u0219i tratare a apei. Decisiv pentru rezultatul final, este necesar o dimensionare corect\u0103 a sistemului de filtrare, pozi\u021bionarea accesoriilor din rezervor (skimmere &#8211; guri de aerisire &#8230;), calculul de reciclare a apei, care trebuie s\u0103 aib\u0103 loc la o vitez\u0103 bine definita de timp minim, pentru a permite o bun\u0103 amestecare a produselor de filtrare \u0219i dezinfectare.<br \/>\nApa din piscina ar trebui s\u0103 fie \u00eentotdeauna clara, cristalina \u0219i pura, tehnologiile moderne aplicate \u00een mod corespunz\u0103tor permit acest lucru.<\/p>\n<p>Se recomand\u0103 adoptarea unui sistem de filtrare, care ofer\u0103 o buna recirculare a apei, la mi\u0219carea de suprafa\u021b\u0103, dar \u00een special pentru a men\u021bine s\u0103n\u0103toas\u0103 \u0219i clara piscina. Un sistem de filtrare ar trebui s\u0103 includ\u0103 elemente-cheie pentru a ob\u021bine rezultate acceptabile:<\/p>\n<ul>\n<li>un filtru, dimensionat la cantitatea de ap\u0103 care urmeaz\u0103 s\u0103 fie filtrat\u0103 \u00eentr-un anumit interval de timp, care are func\u021bia de a re\u021bine impurit\u0103\u021bile \u0219i bacterii prezente \u00een piscina.<\/li>\n<li>o pompa la capacitatea dimensionata al filtrului care \u00eempinge apa \u00een interiorul acestuia pentru filtrarea \u0219i ulterior \u00een piscina pentru a ob\u021bine o circula\u021bie bun\u0103 la suprafa\u021b\u0103.<\/li>\n<li>Un ABS supapa selectoare de \u0219ase pozi\u021bii , care v\u0103 permite s\u0103 direc\u021bioneze apa pentru fiecare cerin\u021b\u0103 ( sp\u0103lare filtru si cl\u0103tire nisip , \u00eenchidere instalatie,circula\u021bie apa, golire apa).<\/li>\n<\/ul>\n<p>TOATE SISTEMELE NOASTRE DE FILTRARE SUNT ECHIPATE CU CADRU ELECTRIC \u0218I TRANSFORMATOR PENTRU REFLECTOR CERTIFICATE<\/p>\n","protected":false},"excerpt":{"rendered":"<p>De o mare importan\u021b\u0103 este sistemul de circula\u021bie, filtrare \u0219i tratare a apei. Decisiv pentru rezultatul final, este necesar o dimensionare corect\u0103 a sistemului de filtrare, pozi\u021bionarea accesoriilor din rezervor (skimmere &#8211; guri de aerisire &#8230;), calculul de reciclare a apei, care trebuie s\u0103 aib\u0103 loc la o vitez\u0103 bine definita de timp minim, pentru &hellip;<br \/><a href=\"https:\/\/aquabluepiscine.ro\/store\/sistem-automat-de-filtrare\/\" class=\"more-link pen_button pen_element_default pen_icon_arrow_double\">Continu\u0103 lectura <span class=\"screen-reader-text\">Sistem automat de filtrare<\/span><\/a><\/p>\n","protected":false},"author":1,"featured_media":130,"parent":0,"menu_order":5,"comment_status":"closed","ping_status":"closed","template":"","meta":{"footnotes":""},"_links":{"self":[{"href":"https:\/\/aquabluepiscine.ro\/store\/wp-json\/wp\/v2\/pages\/98"}],"collection":[{"href":"https:\/\/aquabluepiscine.ro\/store\/wp-json\/wp\/v2\/pages"}],"about":[{"href":"https:\/\/aquabluepiscine.ro\/store\/wp-json\/wp\/v2\/types\/page"}],"author":[{"embeddable":true,"href":"https:\/\/aquabluepiscine.ro\/store\/wp-json\/wp\/v2\/users\/1"}],"replies":[{"embeddable":true,"href":"https:\/\/aquabluepiscine.ro\/store\/wp-json\/wp\/v2\/comments?post=98"}],"version-history":[{"count":8,"href":"https:\/\/aquabluepiscine.ro\/store\/wp-json\/wp\/v2\/pages\/98\/revisions"}],"predecessor-version":[{"id":136,"href":"https:\/\/aquabluepiscine.ro\/store\/wp-json\/wp\/v2\/pages\/98\/revisions\/136"}],"wp:featuredmedia":[{"embeddable":true,"href":"https:\/\/aquabluepiscine.ro\/store\/wp-json\/wp\/v2\/media\/130"}],"wp:attachment":[{"href":"https:\/\/aquabluepiscine.ro\/store\/wp-json\/wp\/v2\/media?parent=98"}],"curies":[{"name":"wp","href":"https:\/\/api.w.org\/{rel}","templated":true}]}}