{"id":1448,"date":"2020-04-20T06:32:11","date_gmt":"2020-04-20T06:32:11","guid":{"rendered":"https:\/\/aquabluepiscine.ro\/store\/?post_type=product&#038;p=1448"},"modified":"2026-01-20T11:40:10","modified_gmt":"2026-01-20T11:40:10","slug":"suport-fix-t-din-otel-aisi-304","status":"publish","type":"product","link":"https:\/\/aquabluepiscine.ro\/store\/magazin\/piscine\/prelate-piscine-accesorii-si-derulatoare\/suport-fix-t-din-otel-aisi-304\/","title":{"rendered":"Suport Fix T din otel AISI-304"},"content":{"rendered":"<p><strong>Suport derulator T\u00a0AISI-304<\/strong><\/p>\n<p>Set de 2 suporturi \u00een form\u0103 de &#8220;T&#8221;, \u00een AISI-304.<br \/>\nInclude: volan si 8 curele pentru fixare prelata.<br \/>\nNu include tubul telescopic, acesta putand fi achizitionat separat.<br \/>\nAcest model este varianta fixa!<\/p>\n<p>Pretul afisat este pe 1 buc.<br \/>\nPreturile contin TVA.<br \/>\nPoza este cu caracter orientativ.<br \/>\nIn pretul produselor nu este inclus transportul, instalarea sau manipularea ulterioara<\/p>\n","protected":false},"excerpt":{"rendered":"<p>Suport derulator T\u00a0AISI-304 Set de 2 suporturi \u00een form\u0103 de &#8220;T&#8221;, \u00een AISI-304. Include: volan si 8 curele pentru fixare prelata. Nu include tubul telescopic, acesta putand fi achizitionat separat. Acest model este varianta fixa! Pretul afisat este pe 1 buc. Preturile contin TVA. Poza este cu caracter orientativ. In pretul produselor nu este inclus &hellip;<br \/><a href=\"https:\/\/aquabluepiscine.ro\/store\/magazin\/piscine\/prelate-piscine-accesorii-si-derulatoare\/suport-fix-t-din-otel-aisi-304\/\" class=\"more-link pen_button pen_element_default pen_icon_arrow_double\">Continu\u0103 lectura <span class=\"screen-reader-text\">Suport Fix T din otel AISI-304<\/span><\/a><\/p>\n","protected":false},"featured_media":1449,"comment_status":"open","ping_status":"closed","template":"","meta":[],"product_cat":[15,25],"product_tag":[630,647,627,610],"_links":{"self":[{"href":"https:\/\/aquabluepiscine.ro\/store\/wp-json\/wp\/v2\/product\/1448"}],"collection":[{"href":"https:\/\/aquabluepiscine.ro\/store\/wp-json\/wp\/v2\/product"}],"about":[{"href":"https:\/\/aquabluepiscine.ro\/store\/wp-json\/wp\/v2\/types\/product"}],"replies":[{"embeddable":true,"href":"https:\/\/aquabluepiscine.ro\/store\/wp-json\/wp\/v2\/comments?post=1448"}],"wp:featuredmedia":[{"embeddable":true,"href":"https:\/\/aquabluepiscine.ro\/store\/wp-json\/wp\/v2\/media\/1449"}],"wp:attachment":[{"href":"https:\/\/aquabluepiscine.ro\/store\/wp-json\/wp\/v2\/media?parent=1448"}],"wp:term":[{"taxonomy":"product_cat","embeddable":true,"href":"https:\/\/aquabluepiscine.ro\/store\/wp-json\/wp\/v2\/product_cat?post=1448"},{"taxonomy":"product_tag","embeddable":true,"href":"https:\/\/aquabluepiscine.ro\/store\/wp-json\/wp\/v2\/product_tag?post=1448"}],"curies":[{"name":"wp","href":"https:\/\/api.w.org\/{rel}","templated":true}]}}