{"id":1501,"date":"2020-04-21T05:02:53","date_gmt":"2020-04-21T05:02:53","guid":{"rendered":"https:\/\/aquabluepiscine.ro\/store\/?post_type=product&#038;p=1501"},"modified":"2025-09-16T07:42:43","modified_gmt":"2025-09-16T07:42:43","slug":"aspirator-astral-pool-pulit-advance-3","status":"publish","type":"product","link":"https:\/\/aquabluepiscine.ro\/store\/magazin\/accesorii-piscine\/roboti-curatare-piscina\/aspirator-astral-pool-pulit-advance-3\/","title":{"rendered":"Aspirator Astral Pool PULIT ADVANCE 3+"},"content":{"rendered":"<p><strong>Aspirator Astral Pool PULIT ADVANCE 3+<\/strong><\/p>\n<p>Gama de roboti de curatare Astralpool Pulit Advance+ este robusta, eficinta si fiabila.<br \/>\nProdusele de varf de gama au tehnologie Gyro, filtre 3D, sistem clasic cu 2 motoare sau unul singur si o aplicatie dedicata, fiind astfel alegerea preferata a expertilor.<br \/>\nVine cu un nou filtru ultrafin 3D ca o caracteristic\u0103 standard.<br \/>\nIndicator cu LED<br \/>\nDeschiderea u\u0219oar\u0103<br \/>\nFiltrele sunt u\u0219or accesibile din partea de sus a dispozitivului de cur\u0103\u021bare.<br \/>\nMaini curate<br \/>\nNu este nevoie s\u0103 intra\u021bi \u00een contact cu murd\u0103ria pentru a cur\u0103\u021ba filtrul.<br \/>\nPerii PVA<br \/>\nCea mai bun\u0103 calitate pentru o mai bun\u0103 aderen\u021b\u0103 pe suprafe\u021bele de lipit.<br \/>\nDuze de aspira\u021bie reglabile<br \/>\nAspira\u021bia maxim\u0103.<\/p>\n<p><strong>Caracteristici:<\/strong><\/p>\n<ul>\n<li>Nr. motoare: 2<\/li>\n<li>Sursa\u00a0100-240 V AC; 50\/60 Hz<\/li>\n<li>Tensiune alimentare robot: 24 VDC<\/li>\n<li>Consum energie 210W<\/li>\n<li>Lungime cablu: 16 m<\/li>\n<li>Greutate robot: 18 kg<\/li>\n<li>Filtru cu densitate 100\u03bcm<\/li>\n<li>Curata doar podeaua<\/li>\n<li>Dimensiune piscina maxim recomandata 20 x 10<\/li>\n<li>Cicluri de functionare \u00a02h<\/li>\n<li>Indicator led pentru filtru plin<\/li>\n<li>Sistem curatare Aqua Smart<\/li>\n<li>Nu include telecomanda<\/li>\n<li>Carucior transport &#8211;<strong>\u00a0nu este inclus<\/strong><\/li>\n<li>Debit pompa 19mc\/h<\/li>\n<\/ul>\n<p>Pretul afisat este pe 1 buc<br \/>\nPreturile contin TVA.<br \/>\nPoza este cu caracter orientativ.<br \/>\nIn pretul produselor nu este inclus transportul, instalarea sau manipularea ulterioara.<\/p>\n","protected":false},"excerpt":{"rendered":"<p>Aspirator Astral Pool PULIT ADVANCE 3+ Gama de roboti de curatare Astralpool Pulit Advance+ este robusta, eficinta si fiabila. Produsele de varf de gama au tehnologie Gyro, filtre 3D, sistem clasic cu 2 motoare sau unul singur si o aplicatie dedicata, fiind astfel alegerea preferata a expertilor. Vine cu un nou filtru ultrafin 3D ca &hellip;<br \/><a href=\"https:\/\/aquabluepiscine.ro\/store\/magazin\/accesorii-piscine\/roboti-curatare-piscina\/aspirator-astral-pool-pulit-advance-3\/\" class=\"more-link pen_button pen_element_default pen_icon_arrow_double\">Continu\u0103 lectura <span class=\"screen-reader-text\">Aspirator Astral Pool PULIT ADVANCE 3+<\/span><\/a><\/p>\n","protected":false},"featured_media":1502,"comment_status":"open","ping_status":"closed","template":"","meta":[],"product_cat":[40,41],"product_tag":[241,68,668,67],"_links":{"self":[{"href":"https:\/\/aquabluepiscine.ro\/store\/wp-json\/wp\/v2\/product\/1501"}],"collection":[{"href":"https:\/\/aquabluepiscine.ro\/store\/wp-json\/wp\/v2\/product"}],"about":[{"href":"https:\/\/aquabluepiscine.ro\/store\/wp-json\/wp\/v2\/types\/product"}],"replies":[{"embeddable":true,"href":"https:\/\/aquabluepiscine.ro\/store\/wp-json\/wp\/v2\/comments?post=1501"}],"wp:featuredmedia":[{"embeddable":true,"href":"https:\/\/aquabluepiscine.ro\/store\/wp-json\/wp\/v2\/media\/1502"}],"wp:attachment":[{"href":"https:\/\/aquabluepiscine.ro\/store\/wp-json\/wp\/v2\/media?parent=1501"}],"wp:term":[{"taxonomy":"product_cat","embeddable":true,"href":"https:\/\/aquabluepiscine.ro\/store\/wp-json\/wp\/v2\/product_cat?post=1501"},{"taxonomy":"product_tag","embeddable":true,"href":"https:\/\/aquabluepiscine.ro\/store\/wp-json\/wp\/v2\/product_tag?post=1501"}],"curies":[{"name":"wp","href":"https:\/\/api.w.org\/{rel}","templated":true}]}}