{"id":1585,"date":"2021-02-03T10:09:16","date_gmt":"2021-02-03T10:09:16","guid":{"rendered":"https:\/\/aquabluepiscine.ro\/store\/?post_type=product&#038;p=1585"},"modified":"2026-01-20T08:47:52","modified_gmt":"2026-01-20T08:47:52","slug":"set-filtru-cu-pompa-swing-6mc-si-temporizator","status":"publish","type":"product","link":"https:\/\/aquabluepiscine.ro\/store\/magazin\/piscine\/kit-filtrare-piscine\/set-filtru-cu-pompa-swing-6mc-si-temporizator\/","title":{"rendered":"Set filtru cu pompa Swing 6mc si temporizator"},"content":{"rendered":"<p>Set filtru cu pompa Swing 6mc si temporizator<\/p>\n<div class=\"tabProductDescription\">\n<div class=\"htmlText\">\n<p>Filtrele cu nisip asigur\u0103 \u00een mod fiabil ap\u0103 cristalin\u0103 pe tot parcursul sezonului de \u00eemb\u0103iere.<br \/>\nModelul Swing Plus 6 fabricat \u00een Republica Ceh\u0103 este potrivit pentru piscine de p\u00e2n\u0103 la un volum de 35 m\u00a03\u00a0.<br \/>\nPrin urmare, este un accesoriu ideal, de exemplu, pentru bazinele mai mici din seria Swing.<br \/>\n\u00cen plus fa\u021b\u0103 de un design modern atractiv, se va mul\u021bumi \u0219i cu dimensiunile sale compacte, o pomp\u0103 practica \u00eencorporat\u0103, un vizor pe teava de canalizare pentru materia grosiera, proiectat pentru aproximativ 10 kg de nisip filtrant.\u00a0Robinetul cu \u0219ase c\u0103i ofer\u0103, printre altele, o pozi\u021bie suplimentara pentru iernare.<br \/>\nPachetul include, de asemenea, 2 furtunuri (lungime 3 m, \u2300 32 mm) pentru conectarea circuitului filtrului.<\/p>\n<\/div>\n<div class=\"packageContent\">\n<h3><\/h3>\n<\/div>\n<\/div>\n<div class=\"tabProductParameters\">\n<h3>parametri tehnici<\/h3>\n<table class=\"params\">\n<tbody>\n<tr>\n<td class=\"dt\">\n<div>Cantitate nisip<\/div>\n<\/td>\n<td class=\"dd\">\n<div>10 kg<\/div>\n<\/td>\n<\/tr>\n<tr>\n<td class=\"dt\">\n<div>Volum maxim filtrant<\/div>\n<\/td>\n<td class=\"dd\">\n<div>6 m\u00a03<\/div>\n<\/td>\n<\/tr>\n<tr>\n<td class=\"dt\">\n<div>Consumul de energie<\/div>\n<\/td>\n<td class=\"dd\">\n<div>85 W<\/div>\n<\/td>\n<\/tr>\n<tr>\n<td class=\"dt\">\n<div>H maxim<\/div>\n<\/td>\n<td class=\"dd\">\n<div>1,5 m<\/div>\n<\/td>\n<\/tr>\n<tr>\n<td class=\"dt\">\n<div>Optim.\u00a0curgere<\/div>\n<\/td>\n<td class=\"dd\">\n<div>2 m\u00a03\u00a0\/ h<\/div>\n<\/td>\n<\/tr>\n<tr>\n<td class=\"dt\">\n<div>Amplasare robinet 6 cai<\/div>\n<\/td>\n<td class=\"dd\">\n<div>superior<\/div>\n<\/td>\n<\/tr>\n<tr>\n<td class=\"dt\">\n<div>Diametrul conexiunii &#8211; furtun<\/div>\n<\/td>\n<td class=\"dd\">\n<div><\/div>\n<\/td>\n<\/tr>\n<tr>\n<td class=\"dt\">\n<div>Diametrul filtrului<\/div>\n<\/td>\n<td class=\"dd\">\n<div>143 mm<\/div>\n<\/td>\n<\/tr>\n<tr>\n<td class=\"dt\">\n<div>M\u0103rimea Pachetului<\/div>\n<\/td>\n<td class=\"dd\">\n<div>29 x 38 x 73 cm<\/div>\n<\/td>\n<\/tr>\n<tr>\n<td class=\"dt\">\n<div>Greutatea pachetului<\/div>\n<\/td>\n<td class=\"dd\">\n<div>7,5 kg<\/div>\n<\/td>\n<\/tr>\n<tr>\n<td class=\"dt\">\n<div>Max.\u00a0temperatura apei<\/div>\n<\/td>\n<td class=\"dd\">\n<div>35 \u00b0 C<\/div>\n<\/td>\n<\/tr>\n<tr>\n<td class=\"dt\">\n<div>Granulatie nisip<\/div>\n<\/td>\n<td class=\"dd\">\n<div>0,6 &#8211; 1,2 mm<\/div>\n<\/td>\n<\/tr>\n<tr>\n<td class=\"dt\">\n<div>Lungimea cablului de alimentare<\/div>\n<\/td>\n<td class=\"dd\">\n<div>2,5 m<\/div>\n<\/td>\n<\/tr>\n<tr>\n<td class=\"dt\">\n<div>Posibilitatea conect\u0103rii accesoriilor<\/div>\n<\/td>\n<td class=\"dd\">\n<div>da<\/div>\n<\/td>\n<\/tr>\n<tr>\n<td class=\"dt\">\n<div>Grad de protec\u021bie (IP)<\/div>\n<\/td>\n<td class=\"dd\">\n<div>X5<\/div>\n<\/td>\n<\/tr>\n<\/tbody>\n<\/table>\n<\/div>\n","protected":false},"excerpt":{"rendered":"<p>Set filtru cu pompa Swing 6mc si temporizator Filtrele cu nisip asigur\u0103 \u00een mod fiabil ap\u0103 cristalin\u0103 pe tot parcursul sezonului de \u00eemb\u0103iere. Modelul Swing Plus 6 fabricat \u00een Republica Ceh\u0103 este potrivit pentru piscine de p\u00e2n\u0103 la un volum de 35 m\u00a03\u00a0. Prin urmare, este un accesoriu ideal, de exemplu, pentru bazinele mai mici &hellip;<br \/><a href=\"https:\/\/aquabluepiscine.ro\/store\/magazin\/piscine\/kit-filtrare-piscine\/set-filtru-cu-pompa-swing-6mc-si-temporizator\/\" class=\"more-link pen_button pen_element_default pen_icon_arrow_double\">Continu\u0103 lectura <span class=\"screen-reader-text\">Set filtru cu pompa Swing 6mc si temporizator<\/span><\/a><\/p>\n","protected":false},"featured_media":1584,"comment_status":"open","ping_status":"closed","template":"","meta":[],"product_cat":[15,688],"product_tag":[209,381,103,187],"_links":{"self":[{"href":"https:\/\/aquabluepiscine.ro\/store\/wp-json\/wp\/v2\/product\/1585"}],"collection":[{"href":"https:\/\/aquabluepiscine.ro\/store\/wp-json\/wp\/v2\/product"}],"about":[{"href":"https:\/\/aquabluepiscine.ro\/store\/wp-json\/wp\/v2\/types\/product"}],"replies":[{"embeddable":true,"href":"https:\/\/aquabluepiscine.ro\/store\/wp-json\/wp\/v2\/comments?post=1585"}],"wp:featuredmedia":[{"embeddable":true,"href":"https:\/\/aquabluepiscine.ro\/store\/wp-json\/wp\/v2\/media\/1584"}],"wp:attachment":[{"href":"https:\/\/aquabluepiscine.ro\/store\/wp-json\/wp\/v2\/media?parent=1585"}],"wp:term":[{"taxonomy":"product_cat","embeddable":true,"href":"https:\/\/aquabluepiscine.ro\/store\/wp-json\/wp\/v2\/product_cat?post=1585"},{"taxonomy":"product_tag","embeddable":true,"href":"https:\/\/aquabluepiscine.ro\/store\/wp-json\/wp\/v2\/product_tag?post=1585"}],"curies":[{"name":"wp","href":"https:\/\/api.w.org\/{rel}","templated":true}]}}