{"id":1754,"date":"2021-02-09T13:18:44","date_gmt":"2021-02-09T13:18:44","guid":{"rendered":"https:\/\/aquabluepiscine.ro\/store\/?post_type=product&#038;p=1754"},"modified":"2021-05-26T08:10:58","modified_gmt":"2021-05-26T08:10:58","slug":"aspirator-astral-pool-pulit-advance-3-2","status":"publish","type":"product","link":"https:\/\/aquabluepiscine.ro\/store\/magazin\/accesorii-piscine\/roboti-curatare-piscina\/aspirator-astral-pool-pulit-advance-3-2\/","title":{"rendered":"Robot curatare piscina Aquabot FRC90"},"content":{"rendered":"<p>Robot curatare piscina Aquabot FRC90<\/p>\n<p>Un robot de curatare a piscinei accesibil si fiabil, conceput pentru a elimina sarcina de curatare a piscinelor rezidentiale de toate formele de pana la 20\u00a0m lungime, compatibil cu toate acoperirile piscinei.<br \/>\nPentru o podea curata a piscinei si apa limpede Aquabot FRC90 utilizeaza un algoritm inteligent de navigatie pentru a digitaliza piscina si a calcula calea optima pentru a aspira eficient toata murdaria si resturile de pe fundul piscinei, fara a pierde timpul.<br \/>\nAccesibil, fiabil si usor de utilizat Aquabot FRC90 ofera proprietarilor de piscine rezidentiale toate avantajele unei solutii de curatare avansate si dovedite din punct de vedere tehnologic.<br \/>\nEste usor de manipulat si de curatat &#8211; ceea ce face intretinerea piscinei mult mai usoara decat inainte.<br \/>\nAcum va puteti aseza, relaxa si lasa Aquabot FRC90 sa faca toata munca pentru tine!<\/p>\n<p>Periile de cur\u0103\u021bare \u0219terge\u021bi \u0219i cur\u0103\u021ba\u021bi fundul piscinei, precum \u0219i gr\u0103simea \u0219i murd\u0103ria depuse pe pere\u021bii piscinei, ceea ce duce la o calitate ridicat\u0103 a apei \u0219i la un consum mai mic de substan\u021be chimice, \u00een special clor.<br \/>\nDatorit\u0103 periilor PVA (alcool polivinilic), v\u0103 permite s\u0103 cur\u0103\u021ba\u021bi orice suprafa\u021b\u0103 a piscinei, adic\u0103\u00a0<strong>plastic, folie, fibr\u0103 de sticl\u0103, piscine din ceramic\u0103 \u0219i multe altele.\u00a0<\/strong><br \/>\n<strong>FRC90 cur\u0103\u021b\u0103 nu numai fundul, ci \u0219i pere\u021bii piscinei p\u00e2n\u0103 la nivelul apei.<\/strong><br \/>\nRobotul FRC90 este echipat cu o unitate de control cu \u200b\u200bun sistem brevetat cu un algoritm inteligent AQUA SMART, care dup\u0103 setarea parametrilor \u0219i o scurt\u0103 inspec\u021bie a piscinei selecteaz\u0103 cel mai potrivit ciclu de cur\u0103\u021bare pentru forma \u0219i dimensiunea piscinei dvs.<br \/>\nUtilizarea sistemului AQUA SMART asigur\u0103 o cur\u0103\u021bare rapid\u0103 \u0219i sistematic\u0103, economii de energie \u0219i, de asemenea, prelunge\u0219te durata de via\u021b\u0103 a aspiratorului datorit\u0103 uzurii reduse a tuturor pieselor.<br \/>\n<strong>Robotul este absolut u\u0219or de operat \u0219i de \u00eentre\u021binut.\u00a0Desigur, comanda este foarte simpl\u0103 &#8211; dup\u0103 ce a\u021bi introdus-o \u00een piscin\u0103 \u0219i apoi a\u021bi pornit-o, nu trebuie s\u0103 v\u0103 face\u021bi griji cu privire la robot, deoarece se opre\u0219te dup\u0103 ciclul de cur\u0103\u021bare<\/strong>\u00a0.<\/p>\n<p><strong>Caracteristici:<\/strong><\/p>\n<p>Piscina recomandata \u2013 max. 12m lungime sau 50mp<br \/>\nOptiune de curatare \u00a0&#8211; podea, \u00a0pereti si linia apei<br \/>\nTip filtru \u00a0\u00a0&#8211;\u00a0 sac din microfibra 4D de 20 microni<br \/>\nAcces filtru &#8211; de jos<br \/>\nLed pentru indicare sac plin &#8211; Nu<br \/>\nLungine cablu &#8211; \u00a018m<br \/>\nAlimentare electrica -230v<br \/>\nDurata ciclului \u00a0&#8211; 1h30 si 2h<br \/>\nTip Perii \u2013 PVA<br \/>\nGreutate robot \u2013 7.5kg<br \/>\nCarucior \u2013 NU<\/p>\n","protected":false},"excerpt":{"rendered":"<p>Robot curatare piscina Aquabot FRC90 Un robot de curatare a piscinei accesibil si fiabil, conceput pentru a elimina sarcina de curatare a piscinelor rezidentiale de toate formele de pana la 20\u00a0m lungime, compatibil cu toate acoperirile piscinei. Pentru o podea curata a piscinei si apa limpede Aquabot FRC90 utilizeaza un algoritm inteligent de navigatie pentru &hellip;<br \/><a href=\"https:\/\/aquabluepiscine.ro\/store\/magazin\/accesorii-piscine\/roboti-curatare-piscina\/aspirator-astral-pool-pulit-advance-3-2\/\" class=\"more-link pen_button pen_element_default pen_icon_arrow_double\">Continu\u0103 lectura <span class=\"screen-reader-text\">Robot curatare piscina Aquabot FRC90<\/span><\/a><\/p>\n","protected":false},"featured_media":2580,"comment_status":"open","ping_status":"closed","template":"","meta":[],"product_cat":[40,41],"product_tag":[241,70,214,103,667],"_links":{"self":[{"href":"https:\/\/aquabluepiscine.ro\/store\/wp-json\/wp\/v2\/product\/1754"}],"collection":[{"href":"https:\/\/aquabluepiscine.ro\/store\/wp-json\/wp\/v2\/product"}],"about":[{"href":"https:\/\/aquabluepiscine.ro\/store\/wp-json\/wp\/v2\/types\/product"}],"replies":[{"embeddable":true,"href":"https:\/\/aquabluepiscine.ro\/store\/wp-json\/wp\/v2\/comments?post=1754"}],"wp:featuredmedia":[{"embeddable":true,"href":"https:\/\/aquabluepiscine.ro\/store\/wp-json\/wp\/v2\/media\/2580"}],"wp:attachment":[{"href":"https:\/\/aquabluepiscine.ro\/store\/wp-json\/wp\/v2\/media?parent=1754"}],"wp:term":[{"taxonomy":"product_cat","embeddable":true,"href":"https:\/\/aquabluepiscine.ro\/store\/wp-json\/wp\/v2\/product_cat?post=1754"},{"taxonomy":"product_tag","embeddable":true,"href":"https:\/\/aquabluepiscine.ro\/store\/wp-json\/wp\/v2\/product_tag?post=1754"}],"curies":[{"name":"wp","href":"https:\/\/api.w.org\/{rel}","templated":true}]}}