{"id":1831,"date":"2021-02-10T09:54:33","date_gmt":"2021-02-10T09:54:33","guid":{"rendered":"https:\/\/aquabluepiscine.ro\/store\/?post_type=product&#038;p=1831"},"modified":"2023-05-08T11:33:04","modified_gmt":"2023-05-08T11:33:04","slug":"mozaic-de-sticla-vidrepur-fusion-light-blue","status":"publish","type":"product","link":"https:\/\/aquabluepiscine.ro\/store\/magazin\/placare-finisare\/mozaic-finisare-piscina\/mozaic-de-sticla-vidrepur-fusion-light-blue\/","title":{"rendered":"Mozaic de sticla Vidrepur Fusion Light Blue"},"content":{"rendered":"<p>Mozaic de sticla Vidrepur Fusion Light Blue<\/p>\n<p>Mozaic de sticla produs pentru a raspunde celor pretentiosi.<br \/>\nCu elemente in relief, Fusion Grey face din orice placare o adevarata arta.<br \/>\nIndiferent daca il utilizati pentru o piscina, SPA, dus sau fantana arteziana, culorile si texturile frumoase ale acestei placi de sticle spaniole sunt sigur ca vor inbunatati orice suprafata.<br \/>\nContactatine pentru reduceri la comenzi mari.<br \/>\nRezistent la decolorare, impermeabil la lichide,<br \/>\nVaria\u021biile de nuan\u021b\u0103 \u0219i dimensiuni sunt caracteristici inerente \u00een toate produsele din mozaic \u0219i gresie din sticl\u0103.<br \/>\nAceste variante reprezint\u0103 o marc\u0103 comercial\u0103 de calitate lucrat\u0103 manual \u0219i se adaug\u0103 frumuse\u021bii unice a mozaicului dvs. individual.<\/p>\n<p>Pretul afisat este pentru 1mp.<br \/>\nDimensiunea placa 312 x 312mm.<\/p>\n","protected":false},"excerpt":{"rendered":"<p>Mozaic de sticla Vidrepur Fusion Light Blue Mozaic de sticla produs pentru a raspunde celor pretentiosi. Cu elemente in relief, Fusion Grey face din orice placare o adevarata arta. Indiferent daca il utilizati pentru o piscina, SPA, dus sau fantana arteziana, culorile si texturile frumoase ale acestei placi de sticle spaniole sunt sigur ca vor &hellip;<br \/><a href=\"https:\/\/aquabluepiscine.ro\/store\/magazin\/placare-finisare\/mozaic-finisare-piscina\/mozaic-de-sticla-vidrepur-fusion-light-blue\/\" class=\"more-link pen_button pen_element_default pen_icon_arrow_double\">Continu\u0103 lectura <span class=\"screen-reader-text\">Mozaic de sticla Vidrepur Fusion Light Blue<\/span><\/a><\/p>\n","protected":false},"featured_media":1832,"comment_status":"open","ping_status":"closed","template":"","meta":[],"product_cat":[35,32],"product_tag":[128,140,103,740],"_links":{"self":[{"href":"https:\/\/aquabluepiscine.ro\/store\/wp-json\/wp\/v2\/product\/1831"}],"collection":[{"href":"https:\/\/aquabluepiscine.ro\/store\/wp-json\/wp\/v2\/product"}],"about":[{"href":"https:\/\/aquabluepiscine.ro\/store\/wp-json\/wp\/v2\/types\/product"}],"replies":[{"embeddable":true,"href":"https:\/\/aquabluepiscine.ro\/store\/wp-json\/wp\/v2\/comments?post=1831"}],"wp:featuredmedia":[{"embeddable":true,"href":"https:\/\/aquabluepiscine.ro\/store\/wp-json\/wp\/v2\/media\/1832"}],"wp:attachment":[{"href":"https:\/\/aquabluepiscine.ro\/store\/wp-json\/wp\/v2\/media?parent=1831"}],"wp:term":[{"taxonomy":"product_cat","embeddable":true,"href":"https:\/\/aquabluepiscine.ro\/store\/wp-json\/wp\/v2\/product_cat?post=1831"},{"taxonomy":"product_tag","embeddable":true,"href":"https:\/\/aquabluepiscine.ro\/store\/wp-json\/wp\/v2\/product_tag?post=1831"}],"curies":[{"name":"wp","href":"https:\/\/api.w.org\/{rel}","templated":true}]}}