{"id":2072,"date":"2021-02-11T08:45:45","date_gmt":"2021-02-11T08:45:45","guid":{"rendered":"https:\/\/aquabluepiscine.ro\/store\/?post_type=product&#038;p=2072"},"modified":"2021-05-26T10:46:05","modified_gmt":"2021-05-26T10:46:05","slug":"oxigen-activ-lichid-ctx110-5l","status":"publish","type":"product","link":"https:\/\/aquabluepiscine.ro\/store\/magazin\/tratarea-apei\/substante-intretinere-apa\/oxigen-activ-lichid-ctx110-5l\/","title":{"rendered":"Oxigen activ lichid CTX110 5L"},"content":{"rendered":"<p><strong>Oxigen activ lichid CTX110 5L<\/strong><\/p>\n<p>Oxigen activ lichid multi-ac\u021biune, care dezinfecteaz\u0103 bazinele private f\u0103r\u0103 clor,<br \/>\nIdeal pentru: bazine \u00een care \u00eenoat\u0103 copii sau persoane alergice la clor.<br \/>\nProdus f\u0103r\u0103 clor, cu propriet\u0103\u021bi mari de oxidare, care nu irit\u0103 mucoasele \u0219i este eficient \u00eempotriva tuturor tipurilor de alge, contribuind, de asemenea, la men\u021binerea apei mai limpede, deoarece ajut\u0103 algele moarte \u0219i alte materii solide \u00een suspensie s\u0103 se stabileasc\u0103 pe podeaua piscinei.<br \/>\nNu este spumant \u0219i este compatibil cu toate tipurile de piscin\u0103 \u0219i filtre.<br \/>\nCTX-110\u00a0 poate fi, de asemenea, utilizat pentru a \u00eembun\u0103t\u0103\u021bi alte tratamente, cum ar fi ozonul \u0219i ultraviolete.<br \/>\nUtilizare recomandat\u0103: Triliquid CTX-110\u00a0 trebuie \u00eentotdeauna ad\u0103ugat printr-o pomp\u0103 de dozare.<br \/>\nTratament ini\u021bial: c\u00e2nd piscina a fost umplut\u0103 recent cu ap\u0103, ad\u0103uga\u021bi 1 l de CTX-110 la 10 m3 de ap\u0103.<br \/>\nL\u0103sa\u021bi timp de 1 or\u0103 \u0219i apoi regla\u021bi pH-ul apei \u00eentre 7,2 \u0219i 7,6 folosind<br \/>\nCTX-10pH- sau CTX-20pH +.<br \/>\nTratament de \u00eentre\u021binere: dup\u0103 ce pH-ul apei a fost ajustat, ad\u0103uga\u021bi cantitatea de produs necesar\u0103 pentru a men\u021bine nivelul apei reziduale oxigenate la 20 ppm.<br \/>\nDac\u0103 se utilizeaz\u0103 al\u0103turi de tratamente cu ozon, cantitatea trebuie redus\u0103 pentru a men\u021bine nivelul rezidual la 2 ppm.<br \/>\nTratamentul ini\u021bial trebuie repetat de fiecare dat\u0103 c\u00e2nd apa \u00eencepe s\u0103 devin\u0103 tulbure sau dac\u0103 \u00eencep s\u0103 apar\u0103 algele pe pere\u021bii piscinei.<br \/>\nDac\u0103 este necesar, al\u0103turi de un tratament cu clor, nivelul de CTX-110 ar trebui s\u0103 se lase \u00een primul r\u00e2nd s\u0103 scad\u0103 la zero.<br \/>\n\u00cen cazul apei care con\u021bine metale dizolvate (cupru, fier etc.), trata\u021bi apa cu decalificatorul CTX-700 \u00eenainte de primul tratament folosind CTX-110 O2 Triliquid.<br \/>\nPretul afisat este pe bucata.<br \/>\nPretul include TVA.<br \/>\nPoza este cu caracter orientativ.<\/p>\n<div><\/div>\n","protected":false},"excerpt":{"rendered":"<p>Oxigen activ lichid CTX110 5L Oxigen activ lichid multi-ac\u021biune, care dezinfecteaz\u0103 bazinele private f\u0103r\u0103 clor, Ideal pentru: bazine \u00een care \u00eenoat\u0103 copii sau persoane alergice la clor. Produs f\u0103r\u0103 clor, cu propriet\u0103\u021bi mari de oxidare, care nu irit\u0103 mucoasele \u0219i este eficient \u00eempotriva tuturor tipurilor de alge, contribuind, de asemenea, la men\u021binerea apei mai limpede, &hellip;<br \/><a href=\"https:\/\/aquabluepiscine.ro\/store\/magazin\/tratarea-apei\/substante-intretinere-apa\/oxigen-activ-lichid-ctx110-5l\/\" class=\"more-link pen_button pen_element_default pen_icon_arrow_double\">Continu\u0103 lectura <span class=\"screen-reader-text\">Oxigen activ lichid CTX110 5L<\/span><\/a><\/p>\n","protected":false},"featured_media":2069,"comment_status":"open","ping_status":"closed","template":"","meta":[],"product_cat":[46,45],"product_tag":[189,787,785,788,223],"_links":{"self":[{"href":"https:\/\/aquabluepiscine.ro\/store\/wp-json\/wp\/v2\/product\/2072"}],"collection":[{"href":"https:\/\/aquabluepiscine.ro\/store\/wp-json\/wp\/v2\/product"}],"about":[{"href":"https:\/\/aquabluepiscine.ro\/store\/wp-json\/wp\/v2\/types\/product"}],"replies":[{"embeddable":true,"href":"https:\/\/aquabluepiscine.ro\/store\/wp-json\/wp\/v2\/comments?post=2072"}],"wp:featuredmedia":[{"embeddable":true,"href":"https:\/\/aquabluepiscine.ro\/store\/wp-json\/wp\/v2\/media\/2069"}],"wp:attachment":[{"href":"https:\/\/aquabluepiscine.ro\/store\/wp-json\/wp\/v2\/media?parent=2072"}],"wp:term":[{"taxonomy":"product_cat","embeddable":true,"href":"https:\/\/aquabluepiscine.ro\/store\/wp-json\/wp\/v2\/product_cat?post=2072"},{"taxonomy":"product_tag","embeddable":true,"href":"https:\/\/aquabluepiscine.ro\/store\/wp-json\/wp\/v2\/product_tag?post=2072"}],"curies":[{"name":"wp","href":"https:\/\/api.w.org\/{rel}","templated":true}]}}