{"id":2073,"date":"2021-02-11T08:49:09","date_gmt":"2021-02-11T08:49:09","guid":{"rendered":"https:\/\/aquabluepiscine.ro\/store\/?post_type=product&#038;p=2073"},"modified":"2023-05-08T09:00:43","modified_gmt":"2023-05-08T09:00:43","slug":"clor-lent-granule-ctx300-5-kg","status":"publish","type":"product","link":"https:\/\/aquabluepiscine.ro\/store\/magazin\/tratarea-apei\/substante-intretinere-apa\/clor-lent-granule-ctx300-5-kg\/","title":{"rendered":"Clor lent granule CTX300 5 kg"},"content":{"rendered":"<p><strong>Clor lent granule CTX300 5 kg<\/strong><\/p>\n<p>Tableta de clor de 250 g de dizolvare lent\u0103 cu 86% clor utilizabil.<br \/>\nCompus solid necombustibil, foarte stabil, pentru dezinfectarea \u0219i \u00eentre\u021binerea apei din punct de vedere igienic pur \u0219i cristal.<br \/>\nPentru utilizare \u00een dozatoare, fiind eficient, sigur \u0219i ergonomic.<br \/>\nProdus potrivit pentru dezinfectarea piscinelor din materiale ceramice.<br \/>\nAcest produs nu trebuie s\u0103 intre \u00een contact direct cu c\u0103ptu\u0219eala, poliesterul sau vinilul sau piscinele vopsite, deoarece poate provoca albirea.<br \/>\nProdusele necombustibile sunt mai sigure pentru depozitare, p\u0103str\u00e2nd acelea\u0219i propriet\u0103\u021bi oxidante \u0219i dezinfectante ca \u0219i produsele cu clor combustibil.<br \/>\nTratament ini\u021bial: Se adaug\u0103 15 g de granule de diclor CTX-250GR pentru fiecare m3 de ap\u0103.<br \/>\nDup\u0103 2 ore, ajusta\u021bi pH-ul apei \u00eentre 7,2-7,6 folosind reductorul de pH solid CTX-010 sau incrementatorul de pH solid CTX-20.<br \/>\nTratament de \u00eentre\u021binere: Odat\u0103 ce pH-ul apei a fost ajustat, tratamentul de \u00eentre\u021binere se poate face \u00een dou\u0103 moduri.<br \/>\nA) A\u0219eza\u021bi \u00een co\u0219urile pentru skimmer 1 trichlor compact CTX-370 la fiecare 15 m3 de ap\u0103 la fiecare 7 zile.<br \/>\nB) C\u00e2nd se utilizeaz\u0103 un dozator, completa\u021bi-l cu Trichlor compact CTX-370 \u0219i apoi face\u021bi ca apa s\u0103 circule prin dozator.<br \/>\nAceste doze sunt un ghid general \u0219i pot fi modificate \u00een func\u021bie de caracteristicile fiec\u0103rui bazin, vreme, etc.<br \/>\nTratamentul ini\u021bial (Superclorura\u021bie) trebuie repetat ori de c\u00e2te ori apa nu are transparen\u021b\u0103.<br \/>\nPlasa\u021bi doza necesar\u0103 de produs \u00een interiorul skimmerelor, pun\u00e2nd echipamentul \u00een modul de filtrare, astfel \u00eenc\u00e2t produsul s\u0103 se dizolve pe m\u0103sur\u0103 ce apa circul\u0103 prin skimere.<br \/>\nEste esen\u021bial ca \u00eentregul volum de ap\u0103 din piscin\u0103 s\u0103 fie recirculat \u00een sistemul de filtrare a piscinei \u00een fiecare zi.<br \/>\nClorul rezidual liber trebuie s\u0103 fie cuprins \u00eentre 0,5-2 mg \/ l, aceast\u0103 valoare put\u00e2nd fi u\u0219or m\u0103surat\u0103 folosind un kit de analiz\u0103 a clorului \u0219i a pH-ului.<br \/>\nAceste verific\u0103ri ar trebui efectuate cel pu\u021bin de dou\u0103 ori pe zi.<\/p>\n<p>Pretul afisat este pe bucata.<br \/>\nPretul include TVA.<br \/>\nPoza este cu caracter orientativ.<\/p>\n","protected":false},"excerpt":{"rendered":"<p>Clor lent granule CTX300 5 kg Tableta de clor de 250 g de dizolvare lent\u0103 cu 86% clor utilizabil. Compus solid necombustibil, foarte stabil, pentru dezinfectarea \u0219i \u00eentre\u021binerea apei din punct de vedere igienic pur \u0219i cristal. Pentru utilizare \u00een dozatoare, fiind eficient, sigur \u0219i ergonomic. Produs potrivit pentru dezinfectarea piscinelor din materiale ceramice. Acest &hellip;<br \/><a href=\"https:\/\/aquabluepiscine.ro\/store\/magazin\/tratarea-apei\/substante-intretinere-apa\/clor-lent-granule-ctx300-5-kg\/\" class=\"more-link pen_button pen_element_default pen_icon_arrow_double\">Continu\u0103 lectura <span class=\"screen-reader-text\">Clor lent granule CTX300 5 kg<\/span><\/a><\/p>\n","protected":false},"featured_media":2062,"comment_status":"open","ping_status":"closed","template":"","meta":[],"product_cat":[46,45],"product_tag":[189,676,787,785,223],"_links":{"self":[{"href":"https:\/\/aquabluepiscine.ro\/store\/wp-json\/wp\/v2\/product\/2073"}],"collection":[{"href":"https:\/\/aquabluepiscine.ro\/store\/wp-json\/wp\/v2\/product"}],"about":[{"href":"https:\/\/aquabluepiscine.ro\/store\/wp-json\/wp\/v2\/types\/product"}],"replies":[{"embeddable":true,"href":"https:\/\/aquabluepiscine.ro\/store\/wp-json\/wp\/v2\/comments?post=2073"}],"wp:featuredmedia":[{"embeddable":true,"href":"https:\/\/aquabluepiscine.ro\/store\/wp-json\/wp\/v2\/media\/2062"}],"wp:attachment":[{"href":"https:\/\/aquabluepiscine.ro\/store\/wp-json\/wp\/v2\/media?parent=2073"}],"wp:term":[{"taxonomy":"product_cat","embeddable":true,"href":"https:\/\/aquabluepiscine.ro\/store\/wp-json\/wp\/v2\/product_cat?post=2073"},{"taxonomy":"product_tag","embeddable":true,"href":"https:\/\/aquabluepiscine.ro\/store\/wp-json\/wp\/v2\/product_tag?post=2073"}],"curies":[{"name":"wp","href":"https:\/\/api.w.org\/{rel}","templated":true}]}}