{"id":2077,"date":"2021-02-11T09:02:59","date_gmt":"2021-02-11T09:02:59","guid":{"rendered":"https:\/\/aquabluepiscine.ro\/store\/?post_type=product&#038;p=2077"},"modified":"2023-05-08T08:40:28","modified_gmt":"2023-05-08T08:40:28","slug":"anticalcar-pentru-piscina-ctx602-5l","status":"publish","type":"product","link":"https:\/\/aquabluepiscine.ro\/store\/magazin\/tratarea-apei\/substante-intretinere-apa\/anticalcar-pentru-piscina-ctx602-5l\/","title":{"rendered":"Anticalcar pentru piscina CTX602 5L"},"content":{"rendered":"<p><strong>Anticalcar pentru piscina CTX602 5L<\/strong><\/p>\n<p>Lichid anti-calcar pentru prevenirea calcarului.<br \/>\nIdeal pentru: bazine subterane.<br \/>\nAgent de dispersie \u0219i de inhibare utilizat pentru \u00eendep\u0103rtarea \u0219i prevenirea calcarului, precum \u0219i pentru a ajuta la \u00eempiedicarea bloc\u0103rii \u0219i a componentelor metalice din sistemul de recirculare \u0219i filtrare.<br \/>\nUtilizare recomandat\u0103: pentru prima dat\u0103, folosi\u021bi 2,5 l din produs la 100 m3 de ap\u0103.\u00a0ulterior, utiliza\u021bi 0,5 l din produs 100 m3 de ap\u0103 o dat\u0103 pe s\u0103pt\u0103m\u00e2n\u0103.<br \/>\nAceste concentra\u021bii sunt doar un ghid \u0219i pot fi modificate \u00een func\u021bie de duritatea apei \u0219i con\u021binutul de sare mineral\u0103.<br \/>\n\u00cen bazinele care nu sunt golite \u00een timpul iernii, apa trebuie tratat\u0103 folosind prima concentra\u021bie la sf\u00e2r\u0219itul sezonului de vara<\/p>\n<p>Pretul afisat este pe bucata.<br \/>\nPretul include TVA.<br \/>\nPoza este cu caracter orientativ.<br \/>\nIn pretul produselor nu este inclus transportul, instalarea sau manipularea ulterioara.<\/p>\n","protected":false},"excerpt":{"rendered":"<p>Anticalcar pentru piscina CTX602 5L Lichid anti-calcar pentru prevenirea calcarului. Ideal pentru: bazine subterane. Agent de dispersie \u0219i de inhibare utilizat pentru \u00eendep\u0103rtarea \u0219i prevenirea calcarului, precum \u0219i pentru a ajuta la \u00eempiedicarea bloc\u0103rii \u0219i a componentelor metalice din sistemul de recirculare \u0219i filtrare. Utilizare recomandat\u0103: pentru prima dat\u0103, folosi\u021bi 2,5 l din produs la &hellip;<br \/><a href=\"https:\/\/aquabluepiscine.ro\/store\/magazin\/tratarea-apei\/substante-intretinere-apa\/anticalcar-pentru-piscina-ctx602-5l\/\" class=\"more-link pen_button pen_element_default pen_icon_arrow_double\">Continu\u0103 lectura <span class=\"screen-reader-text\">Anticalcar pentru piscina CTX602 5L<\/span><\/a><\/p>\n","protected":false},"featured_media":2078,"comment_status":"open","ping_status":"closed","template":"","meta":[],"product_cat":[46,45],"product_tag":[790,787,785,103,223],"_links":{"self":[{"href":"https:\/\/aquabluepiscine.ro\/store\/wp-json\/wp\/v2\/product\/2077"}],"collection":[{"href":"https:\/\/aquabluepiscine.ro\/store\/wp-json\/wp\/v2\/product"}],"about":[{"href":"https:\/\/aquabluepiscine.ro\/store\/wp-json\/wp\/v2\/types\/product"}],"replies":[{"embeddable":true,"href":"https:\/\/aquabluepiscine.ro\/store\/wp-json\/wp\/v2\/comments?post=2077"}],"wp:featuredmedia":[{"embeddable":true,"href":"https:\/\/aquabluepiscine.ro\/store\/wp-json\/wp\/v2\/media\/2078"}],"wp:attachment":[{"href":"https:\/\/aquabluepiscine.ro\/store\/wp-json\/wp\/v2\/media?parent=2077"}],"wp:term":[{"taxonomy":"product_cat","embeddable":true,"href":"https:\/\/aquabluepiscine.ro\/store\/wp-json\/wp\/v2\/product_cat?post=2077"},{"taxonomy":"product_tag","embeddable":true,"href":"https:\/\/aquabluepiscine.ro\/store\/wp-json\/wp\/v2\/product_tag?post=2077"}],"curies":[{"name":"wp","href":"https:\/\/api.w.org\/{rel}","templated":true}]}}