{"id":2084,"date":"2021-02-11T09:19:09","date_gmt":"2021-02-11T09:19:09","guid":{"rendered":"https:\/\/aquabluepiscine.ro\/store\/?post_type=product&#038;p=2084"},"modified":"2024-01-10T07:17:57","modified_gmt":"2024-01-10T07:17:57","slug":"brom-pastile-ctx130-5-kg","status":"publish","type":"product","link":"https:\/\/aquabluepiscine.ro\/store\/magazin\/tratarea-apei\/substante-intretinere-apa\/brom-pastile-ctx130-5-kg\/","title":{"rendered":"Brom pastile CTX130 5 kg"},"content":{"rendered":"<p><strong>Brom pastile CTX130 5 kg<\/strong><\/p>\n<p>Bromul este un halogen \u0219i un oxidant puternic, ideal pentru dezinfectarea apei din piscin\u0103 la acela\u0219i grad de eficien\u021b\u0103 ca \u0219i clorul.<\/p>\n<p>AVANTAJE<br \/>\n&#8211; Propriet\u0103\u021bi mari de oxidare.<br \/>\n&#8211; Toleran\u021b\u0103 ridicat\u0103 la pH (p\u00e2n\u0103 la pH 9).<br \/>\n&#8211; Eficien\u021ba sa nu scade dac\u0103 \u00een ap\u0103 exist\u0103 compu\u0219i azota\u021bi.<br \/>\n&#8211; Reduce irita\u021bia pentru ochi \u0219i mucoase.<br \/>\n&#8211; Nu emite mirosuri nepl\u0103cute.<br \/>\n&#8211; Este mai pu\u021bin coroziv dec\u00e2t clorul (mai pu\u021bin volatil, mai ales la temperaturi ridicate).<br \/>\n&#8211; Este u\u0219or de \u00eentre\u021binut.<br \/>\n&#8211; Este eficient ca dezinfectant de sine st\u0103t\u0103tor.<\/p>\n<p>Combinarea bromului cu aminele organice are ca rezultat compu\u0219i cunoscu\u021bi ca bromamine (NHBr), care \u00een contrast cu cloraminele (combina\u021bia de clor cu aminele organice) nu diminueaz\u0103 propriet\u0103\u021bile dezinfectante ale bromului.\u00a0Bromaminele nu irit\u0103 ochii \u0219i nu eman\u0103 mirosuri nepl\u0103cute.\u00a0Prin urmare, bromul a devenit cel mai potrivit produs pentru tratarea apei \u00een spa-uri \u0219i bazine interioare.<\/p>\n<p>Pretul afisat este pe bucata.<br \/>\nPretul include TVA.<br \/>\nPoza este cu caracter orientativ.<br \/>\nIn pretul produselor nu este inclus transportul, instalarea sau manipularea ulterioara.<\/p>\n","protected":false},"excerpt":{"rendered":"<p>Brom pastile CTX130 5 kg Bromul este un halogen \u0219i un oxidant puternic, ideal pentru dezinfectarea apei din piscin\u0103 la acela\u0219i grad de eficien\u021b\u0103 ca \u0219i clorul. AVANTAJE &#8211; Propriet\u0103\u021bi mari de oxidare. &#8211; Toleran\u021b\u0103 ridicat\u0103 la pH (p\u00e2n\u0103 la pH 9). &#8211; Eficien\u021ba sa nu scade dac\u0103 \u00een ap\u0103 exist\u0103 compu\u0219i azota\u021bi. &#8211; Reduce &hellip;<br \/><a href=\"https:\/\/aquabluepiscine.ro\/store\/magazin\/tratarea-apei\/substante-intretinere-apa\/brom-pastile-ctx130-5-kg\/\" class=\"more-link pen_button pen_element_default pen_icon_arrow_double\">Continu\u0103 lectura <span class=\"screen-reader-text\">Brom pastile CTX130 5 kg<\/span><\/a><\/p>\n","protected":false},"featured_media":2085,"comment_status":"open","ping_status":"closed","template":"","meta":[],"product_cat":[46,45],"product_tag":[787,214,785,103,223],"_links":{"self":[{"href":"https:\/\/aquabluepiscine.ro\/store\/wp-json\/wp\/v2\/product\/2084"}],"collection":[{"href":"https:\/\/aquabluepiscine.ro\/store\/wp-json\/wp\/v2\/product"}],"about":[{"href":"https:\/\/aquabluepiscine.ro\/store\/wp-json\/wp\/v2\/types\/product"}],"replies":[{"embeddable":true,"href":"https:\/\/aquabluepiscine.ro\/store\/wp-json\/wp\/v2\/comments?post=2084"}],"wp:featuredmedia":[{"embeddable":true,"href":"https:\/\/aquabluepiscine.ro\/store\/wp-json\/wp\/v2\/media\/2085"}],"wp:attachment":[{"href":"https:\/\/aquabluepiscine.ro\/store\/wp-json\/wp\/v2\/media?parent=2084"}],"wp:term":[{"taxonomy":"product_cat","embeddable":true,"href":"https:\/\/aquabluepiscine.ro\/store\/wp-json\/wp\/v2\/product_cat?post=2084"},{"taxonomy":"product_tag","embeddable":true,"href":"https:\/\/aquabluepiscine.ro\/store\/wp-json\/wp\/v2\/product_tag?post=2084"}],"curies":[{"name":"wp","href":"https:\/\/api.w.org\/{rel}","templated":true}]}}