{"id":2091,"date":"2021-02-11T09:34:25","date_gmt":"2021-02-11T09:34:25","guid":{"rendered":"https:\/\/aquabluepiscine.ro\/store\/?post_type=product&#038;p=2091"},"modified":"2023-05-08T08:49:40","modified_gmt":"2023-05-08T08:49:40","slug":"clor-soc-granule-ctx200-10-kg","status":"publish","type":"product","link":"https:\/\/aquabluepiscine.ro\/store\/magazin\/tratarea-apei\/substante-intretinere-apa\/clor-soc-granule-ctx200-10-kg\/","title":{"rendered":"Clor soc granule CTX200 10 kg"},"content":{"rendered":"<p><strong>Clor soc granule CTX200 10 kg<\/strong><\/p>\n<p>Un clor cu dizolvare rapid\u0103 \u00een granule, propriet\u0103\u021bile sale extrem de stabile \u0219i o concentra\u021bie de 55% clor liber \u00eel fac potrivit pentru tratarea apei din piscin\u0103.<br \/>\nIdeal pentru: tratamente de \u0219oc \u00een orice tip de piscin\u0103 sau spa.<br \/>\nDatorit\u0103 ac\u021biunii sale de dizolvare rapid\u0103 \u00een ap\u0103, se ob\u021bine rapid cantitatea corect\u0103 de clor rezidual.<br \/>\nEste mai stabil\u0103 fa\u021b\u0103 de razele ultraviolete ale soarelui \u00een compara\u021bie<br \/>\ncu alte produse.<br \/>\nNu modific\u0103 pH-ul apei.<br \/>\nTestele se ob\u021bin cu u\u0219urin\u021b\u0103 folosind un kit de\u00a0testare cu clor \u0219i pH\u00a0.<\/p>\n<p>Pretul afisat este pe bucata.<br \/>\nPretul include TVA.<br \/>\nPoza este cu caracter orientativ.<br \/>\nIn pretul produselor nu este inclus transportul, instalarea sau manipularea ulterioara.<\/p>\n","protected":false},"excerpt":{"rendered":"<p>Clor soc granule CTX200 10 kg Un clor cu dizolvare rapid\u0103 \u00een granule, propriet\u0103\u021bile sale extrem de stabile \u0219i o concentra\u021bie de 55% clor liber \u00eel fac potrivit pentru tratarea apei din piscin\u0103. Ideal pentru: tratamente de \u0219oc \u00een orice tip de piscin\u0103 sau spa. Datorit\u0103 ac\u021biunii sale de dizolvare rapid\u0103 \u00een ap\u0103, se ob\u021bine &hellip;<br \/><a href=\"https:\/\/aquabluepiscine.ro\/store\/magazin\/tratarea-apei\/substante-intretinere-apa\/clor-soc-granule-ctx200-10-kg\/\" class=\"more-link pen_button pen_element_default pen_icon_arrow_double\">Continu\u0103 lectura <span class=\"screen-reader-text\">Clor soc granule CTX200 10 kg<\/span><\/a><\/p>\n","protected":false},"featured_media":2062,"comment_status":"open","ping_status":"closed","template":"","meta":[],"product_cat":[46,45],"product_tag":[676,787,785,103,223],"_links":{"self":[{"href":"https:\/\/aquabluepiscine.ro\/store\/wp-json\/wp\/v2\/product\/2091"}],"collection":[{"href":"https:\/\/aquabluepiscine.ro\/store\/wp-json\/wp\/v2\/product"}],"about":[{"href":"https:\/\/aquabluepiscine.ro\/store\/wp-json\/wp\/v2\/types\/product"}],"replies":[{"embeddable":true,"href":"https:\/\/aquabluepiscine.ro\/store\/wp-json\/wp\/v2\/comments?post=2091"}],"wp:featuredmedia":[{"embeddable":true,"href":"https:\/\/aquabluepiscine.ro\/store\/wp-json\/wp\/v2\/media\/2062"}],"wp:attachment":[{"href":"https:\/\/aquabluepiscine.ro\/store\/wp-json\/wp\/v2\/media?parent=2091"}],"wp:term":[{"taxonomy":"product_cat","embeddable":true,"href":"https:\/\/aquabluepiscine.ro\/store\/wp-json\/wp\/v2\/product_cat?post=2091"},{"taxonomy":"product_tag","embeddable":true,"href":"https:\/\/aquabluepiscine.ro\/store\/wp-json\/wp\/v2\/product_tag?post=2091"}],"curies":[{"name":"wp","href":"https:\/\/api.w.org\/{rel}","templated":true}]}}