{"id":2097,"date":"2021-02-11T09:48:22","date_gmt":"2021-02-11T09:48:22","guid":{"rendered":"https:\/\/aquabluepiscine.ro\/store\/?post_type=product&#038;p=2097"},"modified":"2023-05-08T08:55:00","modified_gmt":"2023-05-08T08:55:00","slug":"corector-ph-minus-lichid-ctx15-22l","status":"publish","type":"product","link":"https:\/\/aquabluepiscine.ro\/store\/magazin\/tratarea-apei\/substante-intretinere-apa\/corector-ph-minus-lichid-ctx15-22l\/","title":{"rendered":"Corector ph minus lichid CTX15 22L"},"content":{"rendered":"<p><strong>Corector ph minus lichid CTX &#8211; 15 22l<\/strong><\/p>\n<p>Un reductor de pH sub form\u0103 lichid\u0103 pentru reducerea pH-ului \u00eentre 7,2 \u0219i 7,6 atunci c\u00e2nd este peste 7,6.<br \/>\nidela pentru: dozare cu pomp\u0103.<\/p>\n<p>PH ridicat cauzeaz\u0103:<br \/>\n&#8211; Reducerea eficien\u021bei dezinfectan\u021bilor.<br \/>\n&#8211; Apa tulbure.<br \/>\n&#8211; Ochi irita\u021bi \u0219i mucoase.<br \/>\n&#8211; Ruperea stratului protector natural al pielii.<\/p>\n<p>Utilizare recomandat\u0103: Ad\u0103uga\u021bi 1,2 l de reductor pentru reducerea pH-ului cu 0,2 unit\u0103\u021bi la 100 m3 de ap\u0103.<br \/>\nAcest produs a fost special conceput pentru a fi ad\u0103ugat la apa din piscin\u0103 prin reglarea automat\u0103 a pH-ului \u0219i dispozitivele de control.<\/p>\n<p>Pretul afisat este pe bucata.<br \/>\nPretul include TVA.<br \/>\nPoza este cu caracter orientativ.<br \/>\nIn pretul produselor nu este inclus transportul, instalarea sau manipularea ulterioara.<\/p>\n","protected":false},"excerpt":{"rendered":"<p>Corector ph minus lichid CTX &#8211; 15 22l Un reductor de pH sub form\u0103 lichid\u0103 pentru reducerea pH-ului \u00eentre 7,2 \u0219i 7,6 atunci c\u00e2nd este peste 7,6. idela pentru: dozare cu pomp\u0103. PH ridicat cauzeaz\u0103: &#8211; Reducerea eficien\u021bei dezinfectan\u021bilor. &#8211; Apa tulbure. &#8211; Ochi irita\u021bi \u0219i mucoase. &#8211; Ruperea stratului protector natural al pielii. Utilizare &hellip;<br \/><a href=\"https:\/\/aquabluepiscine.ro\/store\/magazin\/tratarea-apei\/substante-intretinere-apa\/corector-ph-minus-lichid-ctx15-22l\/\" class=\"more-link pen_button pen_element_default pen_icon_arrow_double\">Continu\u0103 lectura <span class=\"screen-reader-text\">Corector ph minus lichid CTX15 22L<\/span><\/a><\/p>\n","protected":false},"featured_media":2098,"comment_status":"open","ping_status":"closed","template":"","meta":[],"product_cat":[46,45],"product_tag":[787,214,785,103,223],"_links":{"self":[{"href":"https:\/\/aquabluepiscine.ro\/store\/wp-json\/wp\/v2\/product\/2097"}],"collection":[{"href":"https:\/\/aquabluepiscine.ro\/store\/wp-json\/wp\/v2\/product"}],"about":[{"href":"https:\/\/aquabluepiscine.ro\/store\/wp-json\/wp\/v2\/types\/product"}],"replies":[{"embeddable":true,"href":"https:\/\/aquabluepiscine.ro\/store\/wp-json\/wp\/v2\/comments?post=2097"}],"wp:featuredmedia":[{"embeddable":true,"href":"https:\/\/aquabluepiscine.ro\/store\/wp-json\/wp\/v2\/media\/2098"}],"wp:attachment":[{"href":"https:\/\/aquabluepiscine.ro\/store\/wp-json\/wp\/v2\/media?parent=2097"}],"wp:term":[{"taxonomy":"product_cat","embeddable":true,"href":"https:\/\/aquabluepiscine.ro\/store\/wp-json\/wp\/v2\/product_cat?post=2097"},{"taxonomy":"product_tag","embeddable":true,"href":"https:\/\/aquabluepiscine.ro\/store\/wp-json\/wp\/v2\/product_tag?post=2097"}],"curies":[{"name":"wp","href":"https:\/\/api.w.org\/{rel}","templated":true}]}}