{"id":2100,"date":"2021-02-11T10:06:08","date_gmt":"2021-02-11T10:06:08","guid":{"rendered":"https:\/\/aquabluepiscine.ro\/store\/?post_type=product&#038;p=2100"},"modified":"2022-06-13T08:42:52","modified_gmt":"2022-06-13T08:42:52","slug":"tablete-multiaction-triplex-ctx392-5kg","status":"publish","type":"product","link":"https:\/\/aquabluepiscine.ro\/store\/magazin\/tratarea-apei\/substante-intretinere-apa\/tablete-multiaction-triplex-ctx392-5kg\/","title":{"rendered":"Tablete multiaction triplex CTX392 5kg"},"content":{"rendered":"<p>T<strong>ablete\u00a0<\/strong><strong>multiaction\u00a0<\/strong><strong>triplex CTX392 5kg\u00a0<\/strong><\/p>\n<p>Compus cu dizolvare lenta, sub forma de tablete de 250 gr<br \/>\nMultiaction \u00een 250 g comprimate cu func\u021bie simultan\u0103 de dezinfectant, algaecid \u0219i floculant.<br \/>\nCu o singur\u0103 aplica\u021bie elimin\u0103 bacteriile, virusurile \u0219i microorganismele \u00een general din apa piscinei.<br \/>\nPrevine cre\u0219terea algelor \u0219i men\u021bine cristalul de ap\u0103 limpede.<br \/>\nIdeal pentru: bazine din materiale ceramice.<br \/>\n\u00centr-un singur produs, acesta ofer\u0103 ac\u021biunea dezinfectantului clorat, o ac\u021biune de floculare \u0219i, de asemenea, a unei algaecide.<br \/>\nCu dezinfectantul are \u0219i o ac\u021biune de stabilizare \u00eempotriva radia\u021biilor UV.<br \/>\nTratament ini\u021bial: Se adaug\u0103 15 g de granule de diclor CTX-200 \/ Gr ClorShock 55% pentru fiecare m3 de ap\u0103.<br \/>\nDup\u0103 2 ore, regla\u021bi pH-ul apei \u00eentre 7,2-7,6 folosind reductorul de pH solid CTX-10 pH- sau pH solid cresc\u0103tor CTX-20 pH +.<br \/>\nTratament de \u00eentre\u021binere: Dup\u0103 ce pH-ul apei a fost ajustat, ad\u0103uga\u021bi 1 comprimat CTX-392 MultiAction 250g pentru fiecare 20 m3 de ap\u0103 timp de 7 sau 10 zile.<br \/>\nAceste doze sunt un ghid general \u0219i pot fi modificate \u00een func\u021bie de caracteristicile fiec\u0103rui bazin, vreme, etc.<br \/>\nTratamentul ini\u021bial (Superclorura\u021bie) trebuie repetat ori de c\u00e2te ori apa nu are transparen\u021b\u0103.<br \/>\nPlasa\u021bi doza necesar\u0103 de produs CTX-392 MultiAction 250g \u00een interiorul skimmerelor, apoi pune\u021bi echipamentul \u00een modul de filtrare, astfel \u00eenc\u00e2t produsul s\u0103 se poat\u0103 dizolva pe m\u0103sur\u0103 ce apa circul\u0103 prin skimere.<br \/>\nEste esen\u021bial ca \u00eentregul volum de ap\u0103 din piscin\u0103 s\u0103 fie recirculat \u00een sistemul de filtrare a piscinei \u00een fiecare zi.<br \/>\nClorul rezidual liber trebuie s\u0103 fie cuprins \u00eentre 0,5-2 mg \/ l, aceast\u0103 valoare put\u00e2nd fi u\u0219or m\u0103surat\u0103 folosind un kit de analiz\u0103 a clorului \u0219i a pH-ului.<br \/>\nAceste verific\u0103ri ar trebui efectuate cel pu\u021bin de dou\u0103 ori pe zi.<\/p>\n<p>Pretul afisat este pe bucata.<br \/>\nPretul include TVA.<br \/>\nPoza este cu caracter orientativ.<br \/>\nIn pretul produselor nu este inclus transportul, instalarea sau manipularea ulterioara.<\/p>\n","protected":false},"excerpt":{"rendered":"<p>Tablete\u00a0multiaction\u00a0triplex CTX392 5kg\u00a0 Compus cu dizolvare lenta, sub forma de tablete de 250 gr Multiaction \u00een 250 g comprimate cu func\u021bie simultan\u0103 de dezinfectant, algaecid \u0219i floculant. Cu o singur\u0103 aplica\u021bie elimin\u0103 bacteriile, virusurile \u0219i microorganismele \u00een general din apa piscinei. Previne cre\u0219terea algelor \u0219i men\u021bine cristalul de ap\u0103 limpede. Ideal pentru: bazine din materiale &hellip;<br \/><a href=\"https:\/\/aquabluepiscine.ro\/store\/magazin\/tratarea-apei\/substante-intretinere-apa\/tablete-multiaction-triplex-ctx392-5kg\/\" class=\"more-link pen_button pen_element_default pen_icon_arrow_double\">Continu\u0103 lectura <span class=\"screen-reader-text\">Tablete multiaction triplex CTX392 5kg<\/span><\/a><\/p>\n","protected":false},"featured_media":2062,"comment_status":"open","ping_status":"closed","template":"","meta":[],"product_cat":[46,45],"product_tag":[787,214,785,103,223],"_links":{"self":[{"href":"https:\/\/aquabluepiscine.ro\/store\/wp-json\/wp\/v2\/product\/2100"}],"collection":[{"href":"https:\/\/aquabluepiscine.ro\/store\/wp-json\/wp\/v2\/product"}],"about":[{"href":"https:\/\/aquabluepiscine.ro\/store\/wp-json\/wp\/v2\/types\/product"}],"replies":[{"embeddable":true,"href":"https:\/\/aquabluepiscine.ro\/store\/wp-json\/wp\/v2\/comments?post=2100"}],"wp:featuredmedia":[{"embeddable":true,"href":"https:\/\/aquabluepiscine.ro\/store\/wp-json\/wp\/v2\/media\/2062"}],"wp:attachment":[{"href":"https:\/\/aquabluepiscine.ro\/store\/wp-json\/wp\/v2\/media?parent=2100"}],"wp:term":[{"taxonomy":"product_cat","embeddable":true,"href":"https:\/\/aquabluepiscine.ro\/store\/wp-json\/wp\/v2\/product_cat?post=2100"},{"taxonomy":"product_tag","embeddable":true,"href":"https:\/\/aquabluepiscine.ro\/store\/wp-json\/wp\/v2\/product_tag?post=2100"}],"curies":[{"name":"wp","href":"https:\/\/api.w.org\/{rel}","templated":true}]}}