{"id":2391,"date":"2021-04-28T08:40:11","date_gmt":"2021-04-28T08:40:11","guid":{"rendered":"https:\/\/aquabluepiscine.ro\/store\/?post_type=product&#038;p=2391"},"modified":"2021-04-28T08:40:11","modified_gmt":"2021-04-28T08:40:11","slug":"filtru-ms-zodiac-800-mm","status":"publish","type":"product","link":"https:\/\/aquabluepiscine.ro\/store\/magazin\/piscine\/filtre-si-accesorii\/filtru-ms-zodiac-800-mm\/","title":{"rendered":"Filtru MS ZODIAC 800 MM"},"content":{"rendered":"<p>ZODIAC MS FILTRU 800 MM: un filtru de piscin\u0103 durabil, eficient conceput s\u0103 dureze<br \/>\nPiscina filtru SM la ZODIAC sunt garan\u021bia de calitate \u0219i fiabilitate \u00een timp. \u00centr-adev\u0103r, marca ZODIAC este pozi\u021bionat\u0103 ca lider mondial pe pia\u021ba piscinei \u0219i bun\u0103st\u0103rii \u0219i dezvolt\u0103 cele mai bune tehnologii \u00eentr-o abordare inovatoare, pentru a v\u0103 garanta cel mai bun echipament pentru piscina dvs.<\/p>\n<p>Acesta este motivul pentru care filtrul MS 800 MM este un filtru de piscin\u0103 durabil \u0219i fabricat pentru a rezista, care v\u0103 va oferi o calitate a apei incomparabil\u0103. Toate filtrele ZODIAC MS sunt prev\u0103zute cu un rezervor laminat din poliester armat cu fibr\u0103 de sticl\u0103 , pentru a le garanta o rezisten\u021b\u0103 optim\u0103 an de an.<br \/>\nBrandul ZODIAC se angajeaz\u0103 s\u0103 v\u0103 ofere produse de calitate pentru a v\u0103 asigura ani de lini\u0219te sufleteasc\u0103 pentru a v\u0103 bucura de piscina dvs., motiv pentru care rezervorul filtrului MS este garantat p\u00e2n\u0103 la 10 ani .<\/p>\n<p>Rezervorul filtrului MS 800 MM are un diametru de 800 mm \u0219i o suprafa\u021b\u0103 de filtrare de 0,47 m\u00b2 . Rata de filtrare va fi de 23,3 m\u00b3 pe or\u0103, iar sarcina de nisip necesar\u0103 pentru buna func\u021bionare a filtrului dvs. va fi de 310 kilograme .<\/p>\n<p>Diametrul rezervorului<br \/>\n800<\/p>\n<p>Suprafa\u021ba filtrului<br \/>\n0,47 m\u00b2<\/p>\n<p>Supap\u0103<br \/>\n2 &#8221;<\/p>\n<p>Debit m3 \/ h<br \/>\n23.3<\/p>\n<p>Sarcina de nisip<br \/>\n310 Kg<\/p>\n","protected":false},"excerpt":{"rendered":"<p>ZODIAC MS FILTRU 800 MM: un filtru de piscin\u0103 durabil, eficient conceput s\u0103 dureze Piscina filtru SM la ZODIAC sunt garan\u021bia de calitate \u0219i fiabilitate \u00een timp. \u00centr-adev\u0103r, marca ZODIAC este pozi\u021bionat\u0103 ca lider mondial pe pia\u021ba piscinei \u0219i bun\u0103st\u0103rii \u0219i dezvolt\u0103 cele mai bune tehnologii \u00eentr-o abordare inovatoare, pentru a v\u0103 garanta cel mai &hellip;<br \/><a href=\"https:\/\/aquabluepiscine.ro\/store\/magazin\/piscine\/filtre-si-accesorii\/filtru-ms-zodiac-800-mm\/\" class=\"more-link pen_button pen_element_default pen_icon_arrow_double\">Continu\u0103 lectura <span class=\"screen-reader-text\">Filtru MS ZODIAC 800 MM<\/span><\/a><\/p>\n","protected":false},"featured_media":2388,"comment_status":"open","ping_status":"closed","template":"","meta":[],"product_cat":[15,19],"product_tag":[200,207,103,731],"_links":{"self":[{"href":"https:\/\/aquabluepiscine.ro\/store\/wp-json\/wp\/v2\/product\/2391"}],"collection":[{"href":"https:\/\/aquabluepiscine.ro\/store\/wp-json\/wp\/v2\/product"}],"about":[{"href":"https:\/\/aquabluepiscine.ro\/store\/wp-json\/wp\/v2\/types\/product"}],"replies":[{"embeddable":true,"href":"https:\/\/aquabluepiscine.ro\/store\/wp-json\/wp\/v2\/comments?post=2391"}],"wp:featuredmedia":[{"embeddable":true,"href":"https:\/\/aquabluepiscine.ro\/store\/wp-json\/wp\/v2\/media\/2388"}],"wp:attachment":[{"href":"https:\/\/aquabluepiscine.ro\/store\/wp-json\/wp\/v2\/media?parent=2391"}],"wp:term":[{"taxonomy":"product_cat","embeddable":true,"href":"https:\/\/aquabluepiscine.ro\/store\/wp-json\/wp\/v2\/product_cat?post=2391"},{"taxonomy":"product_tag","embeddable":true,"href":"https:\/\/aquabluepiscine.ro\/store\/wp-json\/wp\/v2\/product_tag?post=2391"}],"curies":[{"name":"wp","href":"https:\/\/api.w.org\/{rel}","templated":true}]}}