{"id":2451,"date":"2021-05-14T12:07:02","date_gmt":"2021-05-14T12:07:02","guid":{"rendered":"https:\/\/aquabluepiscine.ro\/store\/?post_type=product&#038;p=2451"},"modified":"2022-01-28T11:33:55","modified_gmt":"2022-01-28T11:33:55","slug":"prelata-de-vara-pentru-piscina-albastru-3x6-m","status":"publish","type":"product","link":"https:\/\/aquabluepiscine.ro\/store\/magazin\/piscine\/prelate-piscine-accesorii-si-derulatoare\/prelata-de-vara-pentru-piscina-albastru-3x6-m\/","title":{"rendered":"Prelata de vara pentru piscina albastru 3&#215;6 m"},"content":{"rendered":"<p><strong>Prelata de vara pentru piscina negru \/ albastru 3&#215;6 m<\/strong><\/p>\n<p>Design special cu dou\u0103 straturi negru-albastru pentru\u00a0o eficien\u021b\u0103 de \u00eenc\u0103lzire mai\u00a0mare, fiind\u00a0\u00a0proiectata pentru toate tipurile de piscine .<br \/>\nCuloarea neagr\u0103 de pe partea inferioar\u0103 absoarbe lumina solar\u0103, reduc\u00e2nd astfel semnificativ formarea de alge \u00een piscin\u0103.<br \/>\nProtejeaz\u0103 apa de p\u0103trunderea murd\u0103riei, reduce evaporarea apei din piscin\u0103 si a chimicalelor, men\u021bine c\u0103ldura \u00een piscin\u0103 pe timpul nop\u021bilor reci.<br \/>\nAcesta a \u00eembun\u0103t\u0103\u021bit stabilizarea UV.<\/p>\n<p>Pretul afisat este pe 1 buc.<br \/>\nPreturile contin TVA.<br \/>\nPoza este cu caracter orientativ.<br \/>\nIn pretul produselor nu este inclus transportul, instalarea sau manipularea ulterioara<\/p>\n","protected":false},"excerpt":{"rendered":"<p>Prelata de vara pentru piscina negru \/ albastru 3&#215;6 m Design special cu dou\u0103 straturi negru-albastru pentru\u00a0o eficien\u021b\u0103 de \u00eenc\u0103lzire mai\u00a0mare, fiind\u00a0\u00a0proiectata pentru toate tipurile de piscine . Culoarea neagr\u0103 de pe partea inferioar\u0103 absoarbe lumina solar\u0103, reduc\u00e2nd astfel semnificativ formarea de alge \u00een piscin\u0103. Protejeaz\u0103 apa de p\u0103trunderea murd\u0103riei, reduce evaporarea apei din piscin\u0103 &hellip;<br \/><a href=\"https:\/\/aquabluepiscine.ro\/store\/magazin\/piscine\/prelate-piscine-accesorii-si-derulatoare\/prelata-de-vara-pentru-piscina-albastru-3x6-m\/\" class=\"more-link pen_button pen_element_default pen_icon_arrow_double\">Continu\u0103 lectura <span class=\"screen-reader-text\">Prelata de vara pentru piscina albastru 3&#215;6 m<\/span><\/a><\/p>\n","protected":false},"featured_media":2452,"comment_status":"open","ping_status":"closed","template":"","meta":[],"product_cat":[15,25],"product_tag":[200,178,381,103,627],"_links":{"self":[{"href":"https:\/\/aquabluepiscine.ro\/store\/wp-json\/wp\/v2\/product\/2451"}],"collection":[{"href":"https:\/\/aquabluepiscine.ro\/store\/wp-json\/wp\/v2\/product"}],"about":[{"href":"https:\/\/aquabluepiscine.ro\/store\/wp-json\/wp\/v2\/types\/product"}],"replies":[{"embeddable":true,"href":"https:\/\/aquabluepiscine.ro\/store\/wp-json\/wp\/v2\/comments?post=2451"}],"wp:featuredmedia":[{"embeddable":true,"href":"https:\/\/aquabluepiscine.ro\/store\/wp-json\/wp\/v2\/media\/2452"}],"wp:attachment":[{"href":"https:\/\/aquabluepiscine.ro\/store\/wp-json\/wp\/v2\/media?parent=2451"}],"wp:term":[{"taxonomy":"product_cat","embeddable":true,"href":"https:\/\/aquabluepiscine.ro\/store\/wp-json\/wp\/v2\/product_cat?post=2451"},{"taxonomy":"product_tag","embeddable":true,"href":"https:\/\/aquabluepiscine.ro\/store\/wp-json\/wp\/v2\/product_tag?post=2451"}],"curies":[{"name":"wp","href":"https:\/\/api.w.org\/{rel}","templated":true}]}}