{"id":574,"date":"2020-04-14T05:06:47","date_gmt":"2020-04-14T05:06:47","guid":{"rendered":"https:\/\/aquabluepiscine.ro\/store\/?post_type=product&#038;p=574"},"modified":"2024-04-27T06:21:07","modified_gmt":"2024-04-27T06:21:07","slug":"vana-multiport-cu-cuplaj-pentru-filtru-lateral-generatie-noua","status":"publish","type":"product","link":"https:\/\/aquabluepiscine.ro\/store\/magazin\/piscine\/filtre-si-accesorii\/vana-multiport-cu-cuplaj-pentru-filtru-lateral-generatie-noua\/","title":{"rendered":"Van\u0103 multiport cu cuplaj pentru filtru lateral &#8211; genera\u021bie nou\u0103"},"content":{"rendered":"<p><strong>Van\u0103 multiport cu cuplaj pentru filtru lateral &#8211; genera\u021bie nou\u0103<\/strong><\/p>\n<p>Noua genera\u021bie.<br \/>\nVane multiport manuale care incorporeaz\u0103 un sistem de \u00eenchidere de tip baionet\u0103 (\u00eenlocuind \u0219uruburile).<br \/>\nAcest lucru faciliteaz\u0103 dezmembrarea pentru \u00eentre\u021binere \u0219i previne rugina. Gama include versiuni 1 \u00bd &#8220;\u0219i<br \/>\n2&#8221; , inclusiv o versiune &#8220;Top Eco&#8221; disponibila cu conexiuni de 1\u00bd<br \/>\nO supap\u0103 multiport cu \u0219ase c\u0103i, capabila de a \u00eendeplini mai multe func\u021bii \u00eentr-un circuit hidraulic: filtrare, drenare,<br \/>\n\u00eenchidere, autocur\u0103\u021b\u0103re \u0219i cl\u0103tire a filtrului. Design-ul s\u0103u extrem de func\u021bional \u00eenseamn\u0103 c\u0103 acesta poate fi montat<br \/>\naproape la orice instalare. Toate articula\u021biile vor fi sigilate perfect \u0219i este u\u0219or de operat.<br \/>\nFrecarea minim\u0103 \u0219i rezisten\u021b\u0103, siguran\u021b\u0103 maxim\u0103 \u0219i finisajul pl\u0103cut au fost factori decisivi in alegerea celor mai bine<br \/>\nadaptate materiale la nevoile tuturor componentelor sale: ABS corp, capac \u0219i m\u00e2ner, distribuitor PPO,garnituri<br \/>\nEPDM, piese metalice din o\u021bel inoxidabil.<\/p>\n<p>Pretul afisat este pe 1 buc<br \/>\nPreturile contin TVA.<br \/>\nPoza este cu caracter orientativ.<br \/>\nIn pretul produselor nu este inclus transportul, instalarea sau manipularea ulterioara.<\/p>\n","protected":false},"excerpt":{"rendered":"<p>Van\u0103 multiport cu cuplaj pentru filtru lateral &#8211; genera\u021bie nou\u0103 Noua genera\u021bie. Vane multiport manuale care incorporeaz\u0103 un sistem de \u00eenchidere de tip baionet\u0103 (\u00eenlocuind \u0219uruburile). Acest lucru faciliteaz\u0103 dezmembrarea pentru \u00eentre\u021binere \u0219i previne rugina. Gama include versiuni 1 \u00bd &#8220;\u0219i 2&#8221; , inclusiv o versiune &#8220;Top Eco&#8221; disponibila cu conexiuni de 1\u00bd O supap\u0103 &hellip;<br \/><a href=\"https:\/\/aquabluepiscine.ro\/store\/magazin\/piscine\/filtre-si-accesorii\/vana-multiport-cu-cuplaj-pentru-filtru-lateral-generatie-noua\/\" class=\"more-link pen_button pen_element_default pen_icon_arrow_double\">Continu\u0103 lectura <span class=\"screen-reader-text\">Van\u0103 multiport cu cuplaj pentru filtru lateral &#8211; genera\u021bie nou\u0103<\/span><\/a><\/p>\n","protected":false},"featured_media":575,"comment_status":"open","ping_status":"closed","template":"","meta":[],"product_cat":[15,19],"product_tag":[207,206,85,248],"_links":{"self":[{"href":"https:\/\/aquabluepiscine.ro\/store\/wp-json\/wp\/v2\/product\/574"}],"collection":[{"href":"https:\/\/aquabluepiscine.ro\/store\/wp-json\/wp\/v2\/product"}],"about":[{"href":"https:\/\/aquabluepiscine.ro\/store\/wp-json\/wp\/v2\/types\/product"}],"replies":[{"embeddable":true,"href":"https:\/\/aquabluepiscine.ro\/store\/wp-json\/wp\/v2\/comments?post=574"}],"wp:featuredmedia":[{"embeddable":true,"href":"https:\/\/aquabluepiscine.ro\/store\/wp-json\/wp\/v2\/media\/575"}],"wp:attachment":[{"href":"https:\/\/aquabluepiscine.ro\/store\/wp-json\/wp\/v2\/media?parent=574"}],"wp:term":[{"taxonomy":"product_cat","embeddable":true,"href":"https:\/\/aquabluepiscine.ro\/store\/wp-json\/wp\/v2\/product_cat?post=574"},{"taxonomy":"product_tag","embeddable":true,"href":"https:\/\/aquabluepiscine.ro\/store\/wp-json\/wp\/v2\/product_tag?post=574"}],"curies":[{"name":"wp","href":"https:\/\/api.w.org\/{rel}","templated":true}]}}