{"id":63,"date":"2020-03-30T14:40:08","date_gmt":"2020-03-30T14:40:08","guid":{"rendered":"https:\/\/aquabluepiscine.ro\/store\/?post_type=product&#038;p=63"},"modified":"2026-01-20T14:25:17","modified_gmt":"2026-01-20T14:25:17","slug":"aspirator-astral-pool-aquabot-neptuno-top","status":"publish","type":"product","link":"https:\/\/aquabluepiscine.ro\/store\/magazin\/accesorii-piscine\/roboti-curatare-piscina\/aspirator-astral-pool-aquabot-neptuno-top\/","title":{"rendered":"Aspirator Astral Pool Aquabot Neptuno Top"},"content":{"rendered":"<p><iframe loading=\"lazy\" title=\"Aquabot Neptuno Top - automatick\u00fd vysava\u010d baz\u00e9nu\" width=\"940\" height=\"529\" src=\"https:\/\/www.youtube.com\/embed\/Jc7dywJPBhE?feature=oembed\" frameborder=\"0\" allow=\"accelerometer; autoplay; clipboard-write; encrypted-media; gyroscope; picture-in-picture\" allowfullscreen><\/iframe><\/p>\n<p><strong>Aspirator Astral Pool Aquabot Neptuno Top<\/strong><\/p>\n<p>Aspirator de gama medie, utilizat pentru piscinele rezidentiale. Este recomandat a se utiliza la piscine cu o suprafata maxima de 100mp. Utilizarea acestui aspirator nu implica manevre suplimentare, el stabilindu-si programul automat. Ce aveti de facut DVS, este simpla apasare a butonului START de pe sursa de pornire.<\/p>\n<p>Caracteristici: Densitate filtru &#8211; 2microni<\/p>\n<p>Tensiune alimentare aspirator &#8211; 24DV<\/p>\n<p>Numar de motoare &#8211; 1<\/p>\n<p>Greutate robot &#8211; 10kg<\/p>\n<p>Curata podeaua bazinului<\/p>\n<p>Lungime cablu &#8211; 18ml Program aspirare &#8211; 2.5h<\/p>\n<p>Pretul afisat este pe 1 buc<\/p>\n<p>Preturile contin TVA<\/p>\n<p>Poza este cu caracter orientativ.<\/p>\n<p>In pretul produselor nu este inclus transportul, instalarea sau manipularea ulterioara.<\/p>\n","protected":false},"excerpt":{"rendered":"<p>Aspirator Astral Pool Aquabot Neptuno Top Aspirator de gama medie, utilizat pentru piscinele rezidentiale. Este recomandat a se utiliza la piscine cu o suprafata maxima de 100mp. Utilizarea acestui aspirator nu implica manevre suplimentare, el stabilindu-si programul automat. Ce aveti de facut DVS, este simpla apasare a butonului START de pe sursa de pornire. Caracteristici: &hellip;<br \/><a href=\"https:\/\/aquabluepiscine.ro\/store\/magazin\/accesorii-piscine\/roboti-curatare-piscina\/aspirator-astral-pool-aquabot-neptuno-top\/\" class=\"more-link pen_button pen_element_default pen_icon_arrow_double\">Continu\u0103 lectura <span class=\"screen-reader-text\">Aspirator Astral Pool Aquabot Neptuno Top<\/span><\/a><\/p>\n","protected":false},"featured_media":64,"comment_status":"open","ping_status":"closed","template":"","meta":[],"product_cat":[40,41],"product_tag":[71,66,70,68,69,67],"_links":{"self":[{"href":"https:\/\/aquabluepiscine.ro\/store\/wp-json\/wp\/v2\/product\/63"}],"collection":[{"href":"https:\/\/aquabluepiscine.ro\/store\/wp-json\/wp\/v2\/product"}],"about":[{"href":"https:\/\/aquabluepiscine.ro\/store\/wp-json\/wp\/v2\/types\/product"}],"replies":[{"embeddable":true,"href":"https:\/\/aquabluepiscine.ro\/store\/wp-json\/wp\/v2\/comments?post=63"}],"wp:featuredmedia":[{"embeddable":true,"href":"https:\/\/aquabluepiscine.ro\/store\/wp-json\/wp\/v2\/media\/64"}],"wp:attachment":[{"href":"https:\/\/aquabluepiscine.ro\/store\/wp-json\/wp\/v2\/media?parent=63"}],"wp:term":[{"taxonomy":"product_cat","embeddable":true,"href":"https:\/\/aquabluepiscine.ro\/store\/wp-json\/wp\/v2\/product_cat?post=63"},{"taxonomy":"product_tag","embeddable":true,"href":"https:\/\/aquabluepiscine.ro\/store\/wp-json\/wp\/v2\/product_tag?post=63"}],"curies":[{"name":"wp","href":"https:\/\/api.w.org\/{rel}","templated":true}]}}