{"id":781,"date":"2020-04-15T08:35:40","date_gmt":"2020-04-15T08:35:40","guid":{"rendered":"https:\/\/aquabluepiscine.ro\/store\/?post_type=product&#038;p=781"},"modified":"2025-09-15T09:52:23","modified_gmt":"2025-09-15T09:52:23","slug":"kit-2-becuri-rgb-2-x-par-56-1-11-wireless-cu-telecomanda-lumiplus-motion-control-wireless","status":"publish","type":"product","link":"https:\/\/aquabluepiscine.ro\/store\/magazin\/piscine\/produse-iluminare\/kit-2-becuri-rgb-2-x-par-56-1-11-wireless-cu-telecomanda-lumiplus-motion-control-wireless\/","title":{"rendered":"Kit 2 becuri RGB, 2 X PAR 56 1.11 WIRELESS, cu telecomanda LumiPlus Motion Control wireless"},"content":{"rendered":"<p><strong>Kit 2 becuri RGB, 2 X PAR 56 1.11 WIRELESS, cu telecomanda LumiPlus Motion Control wireless<\/strong><br \/>\nEste u\u0219or de instalat lamp\u0103 PAR56 COLOR LED 100% si fabricat\u0103 \u00een UE.<br \/>\nLED-ul are o durat\u0103 de via\u021b\u0103 util\u0103 de 100.000 h ( 100 de ori mai mare fata de cel cu halogen) \u0219i un debit de 70% dup\u0103 60.000 de ore.<br \/>\nEconomii importante de energie pentru o lamp\u0103 cu halogen: p\u00e2n\u0103 la 88%.<br \/>\n12 culori \u0219i 8 secven\u021be, cu putere 27W.<br \/>\nNu necesita alte module de comanda .<br \/>\nAceasta telecomanda are butoane pentru pornire \/ oprire, ofera posibilitatea de a selecta 12 culori si 8 secvente de culoare si viteza de succesiune a secventelor. Incorporeaza un senzor accelerometru care permite declansarea culorilor \/ secventelor prin miscarea ei.<\/p>\n<p>Pretul afisat este pe 1 buc<br \/>\nPreturile contin TVA.<br \/>\nPoza este cu caracter orientativ.<br \/>\nIn pretul produselor nu este inclus transportul, instalarea sau manipularea ulterioara<\/p>\n","protected":false},"excerpt":{"rendered":"<p>Kit 2 becuri RGB, 2 X PAR 56 1.11 WIRELESS, cu telecomanda LumiPlus Motion Control wireless Este u\u0219or de instalat lamp\u0103 PAR56 COLOR LED 100% si fabricat\u0103 \u00een UE. LED-ul are o durat\u0103 de via\u021b\u0103 util\u0103 de 100.000 h ( 100 de ori mai mare fata de cel cu halogen) \u0219i un debit de 70% &hellip;<br \/><a href=\"https:\/\/aquabluepiscine.ro\/store\/magazin\/piscine\/produse-iluminare\/kit-2-becuri-rgb-2-x-par-56-1-11-wireless-cu-telecomanda-lumiplus-motion-control-wireless\/\" class=\"more-link pen_button pen_element_default pen_icon_arrow_double\">Continu\u0103 lectura <span class=\"screen-reader-text\">Kit 2 becuri RGB, 2 X PAR 56 1.11 WIRELESS, cu telecomanda LumiPlus Motion Control wireless<\/span><\/a><\/p>\n","protected":false},"featured_media":780,"comment_status":"open","ping_status":"closed","template":"","meta":[],"product_cat":[15,20],"product_tag":[366,206,328,344],"_links":{"self":[{"href":"https:\/\/aquabluepiscine.ro\/store\/wp-json\/wp\/v2\/product\/781"}],"collection":[{"href":"https:\/\/aquabluepiscine.ro\/store\/wp-json\/wp\/v2\/product"}],"about":[{"href":"https:\/\/aquabluepiscine.ro\/store\/wp-json\/wp\/v2\/types\/product"}],"replies":[{"embeddable":true,"href":"https:\/\/aquabluepiscine.ro\/store\/wp-json\/wp\/v2\/comments?post=781"}],"wp:featuredmedia":[{"embeddable":true,"href":"https:\/\/aquabluepiscine.ro\/store\/wp-json\/wp\/v2\/media\/780"}],"wp:attachment":[{"href":"https:\/\/aquabluepiscine.ro\/store\/wp-json\/wp\/v2\/media?parent=781"}],"wp:term":[{"taxonomy":"product_cat","embeddable":true,"href":"https:\/\/aquabluepiscine.ro\/store\/wp-json\/wp\/v2\/product_cat?post=781"},{"taxonomy":"product_tag","embeddable":true,"href":"https:\/\/aquabluepiscine.ro\/store\/wp-json\/wp\/v2\/product_tag?post=781"}],"curies":[{"name":"wp","href":"https:\/\/api.w.org\/{rel}","templated":true}]}}