{"id":828,"date":"2020-04-15T10:52:02","date_gmt":"2020-04-15T10:52:02","guid":{"rendered":"https:\/\/aquabluepiscine.ro\/store\/?post_type=product&#038;p=828"},"modified":"2022-06-08T09:17:37","modified_gmt":"2022-06-08T09:17:37","slug":"pompa-de-caldura-pentru-piscine-supraterane-volum-pana-la-11-m%c2%b3","status":"publish","type":"product","link":"https:\/\/aquabluepiscine.ro\/store\/magazin\/piscine\/incalzire-dezumidificare\/pompa-de-caldura-pentru-piscine-supraterane-volum-pana-la-11-m%c2%b3\/","title":{"rendered":"Pomp\u0103 de c\u0103ldur\u0103 pentru piscine supraterane, volum p\u00e2n\u0103 la 11 m\u00b3"},"content":{"rendered":"<p><strong>\u00a0Pomp\u0103 de c\u0103ldur\u0103 pentru piscine supraterane, volum p\u00e2n\u0103 la 11 m\u00b3<\/strong><\/p>\n<p>Pompa de c\u0103ldur\u0103 AZURO mini este solu\u021bia perfect\u0103 pentru \u00eenc\u0103lzirea apei din piscine deasupra solului p\u00e2n\u0103 la 11 m3. Datorit\u0103 dimensiunilor mici \u0219i designului compact, va fi posibil\u0103 instalarea acestei pompe chiar \u0219i \u00eentr-un spa\u021biu mic. Pe partea frontal\u0103 exist\u0103, de asemenea, un afi\u0219aj practic care se utilizeaz\u0103 pentru a seta temperatura dorit\u0103.<\/p>\n<p>Beeneficii:<br \/>\nP\u00e2n\u0103 la 4 ori mai ieftin dec\u00e2t \u00eenc\u0103lzirea electric\u0103.<br \/>\nU\u0219or de instalat: introduce\u021bi doar un tub de 32\/38 mm, seta\u021bi temperatura dorit\u0103 \u0219i pompa este preg\u0103tit\u0103 pentru a \u00eenc\u0103lzi piscina<br \/>\nDesign compact \u0219i elegant.<br \/>\nAfi\u0219aj digital pentru setarea valorilor.<br \/>\nControl automat al temperaturii apei prin intermediul termostatului \u00eencorporat.<br \/>\nBlocuri de amortizare a cauciucului incluse \u00een cadrul pompei.<br \/>\nR410A agent frigorific care respect\u0103 mediul.<br \/>\nEficien\u021b\u0103 maxim\u0103 la temperaturi ale aerului \u00eentre 15 \u0219i 25 \u00b0<\/p>\n<p><strong>Caracteristici tehnice<\/strong><br \/>\nCapacitate de \u00eenc\u0103lzire: 2,5 Kw<br \/>\nConsum de energie: 0,59 kw<br \/>\nCOP la 28 \u00b0 C: 4.2<br \/>\nCOP la 15 \u00b0 C: 3.4<br \/>\nZgomot la 10m: 48 dB (A)<br \/>\nZgomot la 1m: 57 dB (A)<br \/>\nAgent de r\u0103cire: R410A<br \/>\nSchimb\u0103tor de c\u0103ldur\u0103: titan PVC<br \/>\nAlimentare: 220-240 \/ 50 V \/ Hz<br \/>\nDebit: 2 m3 \/ h<br \/>\nDiametru de conectare: 32\/38 mm<\/p>\n<p><strong>Dimensiuni<\/strong><br \/>\nDimensiuni: 31 x 35,7 x 36,5 cm<br \/>\nGreutate net\u0103: 18 kg<br \/>\nAmbalaj: 40 x 45,5 x 45 cm<br \/>\nGreutatea ambalajului: 20 kg<\/p>\n<p>Pretul afisat este pe 1 buc<br \/>\nPreturile contin TVA.<br \/>\nPoza este cu caracter orientativ.<br \/>\nIn pretul produselor nu este inclus transportul, instalarea sau manipularea ulterioara.<\/p>\n","protected":false},"excerpt":{"rendered":"<p>\u00a0Pomp\u0103 de c\u0103ldur\u0103 pentru piscine supraterane, volum p\u00e2n\u0103 la 11 m\u00b3 Pompa de c\u0103ldur\u0103 AZURO mini este solu\u021bia perfect\u0103 pentru \u00eenc\u0103lzirea apei din piscine deasupra solului p\u00e2n\u0103 la 11 m3. Datorit\u0103 dimensiunilor mici \u0219i designului compact, va fi posibil\u0103 instalarea acestei pompe chiar \u0219i \u00eentr-un spa\u021biu mic. Pe partea frontal\u0103 exist\u0103, de asemenea, un afi\u0219aj &hellip;<br \/><a href=\"https:\/\/aquabluepiscine.ro\/store\/magazin\/piscine\/incalzire-dezumidificare\/pompa-de-caldura-pentru-piscine-supraterane-volum-pana-la-11-m%c2%b3\/\" class=\"more-link pen_button pen_element_default pen_icon_arrow_double\">Continu\u0103 lectura <span class=\"screen-reader-text\">Pomp\u0103 de c\u0103ldur\u0103 pentru piscine supraterane, volum p\u00e2n\u0103 la 11 m\u00b3<\/span><\/a><\/p>\n","protected":false},"featured_media":829,"comment_status":"open","ping_status":"closed","template":"","meta":[],"product_cat":[15,21],"product_tag":[372,381,85,187,382],"_links":{"self":[{"href":"https:\/\/aquabluepiscine.ro\/store\/wp-json\/wp\/v2\/product\/828"}],"collection":[{"href":"https:\/\/aquabluepiscine.ro\/store\/wp-json\/wp\/v2\/product"}],"about":[{"href":"https:\/\/aquabluepiscine.ro\/store\/wp-json\/wp\/v2\/types\/product"}],"replies":[{"embeddable":true,"href":"https:\/\/aquabluepiscine.ro\/store\/wp-json\/wp\/v2\/comments?post=828"}],"wp:featuredmedia":[{"embeddable":true,"href":"https:\/\/aquabluepiscine.ro\/store\/wp-json\/wp\/v2\/media\/829"}],"wp:attachment":[{"href":"https:\/\/aquabluepiscine.ro\/store\/wp-json\/wp\/v2\/media?parent=828"}],"wp:term":[{"taxonomy":"product_cat","embeddable":true,"href":"https:\/\/aquabluepiscine.ro\/store\/wp-json\/wp\/v2\/product_cat?post=828"},{"taxonomy":"product_tag","embeddable":true,"href":"https:\/\/aquabluepiscine.ro\/store\/wp-json\/wp\/v2\/product_tag?post=828"}],"curies":[{"name":"wp","href":"https:\/\/api.w.org\/{rel}","templated":true}]}}