{"id":912,"date":"2020-04-16T04:44:58","date_gmt":"2020-04-16T04:44:58","guid":{"rendered":"https:\/\/aquabluepiscine.ro\/store\/?post_type=product&#038;p=912"},"modified":"2021-05-25T11:58:31","modified_gmt":"2021-05-25T11:58:31","slug":"incalzitor-electric-d-ewt-n-9-kw","status":"publish","type":"product","link":"https:\/\/aquabluepiscine.ro\/store\/magazin\/piscine\/schimbator-de-caldura-si-incalzitoare-electrice\/incalzitor-electric-d-ewt-n-9-kw\/","title":{"rendered":"Incalzitor electric D-EWT-N 9 kW"},"content":{"rendered":"<p><strong>Incalzitor electric D-EWT-N 9 kW<\/strong><\/p>\n<p>Incalzitorul electric, din seria D-EWT-NEO, este construit dintr-o carcas\u0103 rezistent\u0103 la presiune, din plastic neinflamabil, ceea ce \u00eel face potrivit din punct de vedere electro \u2013 tehnic ca incalzitor electric.<br \/>\nToate celelalte componente sunt bine g\u00e2ndite \u0219i realizate din materiale de prim\u0103 clas\u0103.<br \/>\nEste echipat cu tripl\u0103 protec\u021bie echipat\u0103, cu termostat de control 0-40 \u00b0 C, termostat de siguran\u021b\u0103 50 \u00b0 C \u0219i comutator de debit ca protec\u021bie pentru debit sc\u0103zut\u0103 de ap\u0103, precum \u0219i dou\u0103 suporturi de perete.<br \/>\nElementele de \u00eenc\u0103lzire sunt Incoloy 825.<br \/>\nIncalzitorul electric este extrem de versatil &#8211; pentru \u00eenc\u0103lzirea piscinelor, a cazilor cu hidromasaj \u0219i a instala\u021biilor similare.<br \/>\nFunc\u021bioneaz\u0103 perfect pentru instala\u021bii permanente sau mobile.<br \/>\nEste u\u0219or si simplu de conectat la circuitul de ap\u0103 cu priza de lipit D50.<br \/>\nV\u0103 pute\u021bi a\u0219tepta la longevitatea produsului dac\u0103 instruc\u021biunile de siguran\u021b\u0103 \u0219i instalare sunt respectate \u00eendeaproape<\/p>\n<p><strong>Caracteristici:<\/strong><\/p>\n<p>Elementele de incalzire sunt rezistente la coroziune;<br \/>\nRezistentele electrice &#8211; Incoloy 825;<br \/>\nDebit pompa pentru un randament maxim 3mc\/h;<br \/>\nAlimentare 230\/400V;<br \/>\nPresiune maxima de functionare 3bari;<br \/>\nMaterial exterior constructiv &#8211; Plastic;<br \/>\nRacoruduri la instalatie &#8211; PVC &#8211; lipire;<br \/>\nNecesita panou comanda.<br \/>\nProtectie \u2013 IPX4;<br \/>\nConsum la 400V \u2013 13A<br \/>\nConsum la 220V \u2013 &#8212;-<\/p>\n<p><strong>ATENTIE:<\/strong>\u00a0dispozitivul de dezinfectare trebuie instalat numai dup\u0103 \u00eenc\u0103lzitorul electric, astfel \u00eenc\u00e2t nici substan\u021bele chimice, nici gazele s\u0103 nu-\u0219i corodeze corpul dup\u0103 oprirea acestuia.<br \/>\nTrebuie conectat la cablul de mas\u0103.<br \/>\nTrebuie utilizat un cablu HN7 RNF sau VDE 100.<br \/>\nCircuitul de control trebuie s\u0103 reziste la un curent alternativ maxim de 1A \u0219i s\u0103 fie conectat la circuitul de comutare al pompei de circula\u021bie a apei (filtrare).<\/p>\n<p>Pretul afisat este pe 1 buc<br \/>\nPreturile contin TVA.<br \/>\nPoza este cu caracter orientativ.<br \/>\nIn pretul produselor nu este inclus transportul, instalarea sau manipularea ulterioara.<\/p>\n","protected":false},"excerpt":{"rendered":"<p>Incalzitor electric D-EWT-N 9 kW Incalzitorul electric, din seria D-EWT-NEO, este construit dintr-o carcas\u0103 rezistent\u0103 la presiune, din plastic neinflamabil, ceea ce \u00eel face potrivit din punct de vedere electro \u2013 tehnic ca incalzitor electric. Toate celelalte componente sunt bine g\u00e2ndite \u0219i realizate din materiale de prim\u0103 clas\u0103. Este echipat cu tripl\u0103 protec\u021bie echipat\u0103, cu &hellip;<br \/><a href=\"https:\/\/aquabluepiscine.ro\/store\/magazin\/piscine\/schimbator-de-caldura-si-incalzitoare-electrice\/incalzitor-electric-d-ewt-n-9-kw\/\" class=\"more-link pen_button pen_element_default pen_icon_arrow_double\">Continu\u0103 lectura <span class=\"screen-reader-text\">Incalzitor electric D-EWT-N 9 kW<\/span><\/a><\/p>\n","protected":false},"featured_media":909,"comment_status":"open","ping_status":"closed","template":"","meta":[],"product_cat":[15,723],"product_tag":[420,415,414,85],"_links":{"self":[{"href":"https:\/\/aquabluepiscine.ro\/store\/wp-json\/wp\/v2\/product\/912"}],"collection":[{"href":"https:\/\/aquabluepiscine.ro\/store\/wp-json\/wp\/v2\/product"}],"about":[{"href":"https:\/\/aquabluepiscine.ro\/store\/wp-json\/wp\/v2\/types\/product"}],"replies":[{"embeddable":true,"href":"https:\/\/aquabluepiscine.ro\/store\/wp-json\/wp\/v2\/comments?post=912"}],"wp:featuredmedia":[{"embeddable":true,"href":"https:\/\/aquabluepiscine.ro\/store\/wp-json\/wp\/v2\/media\/909"}],"wp:attachment":[{"href":"https:\/\/aquabluepiscine.ro\/store\/wp-json\/wp\/v2\/media?parent=912"}],"wp:term":[{"taxonomy":"product_cat","embeddable":true,"href":"https:\/\/aquabluepiscine.ro\/store\/wp-json\/wp\/v2\/product_cat?post=912"},{"taxonomy":"product_tag","embeddable":true,"href":"https:\/\/aquabluepiscine.ro\/store\/wp-json\/wp\/v2\/product_tag?post=912"}],"curies":[{"name":"wp","href":"https:\/\/api.w.org\/{rel}","templated":true}]}}