{"id":916,"date":"2020-04-16T05:08:20","date_gmt":"2020-04-16T05:08:20","guid":{"rendered":"https:\/\/aquabluepiscine.ro\/store\/?post_type=product&#038;p=916"},"modified":"2023-06-05T07:46:36","modified_gmt":"2023-06-05T07:46:36","slug":"incalzitor-electric-d-ewt-9-kw","status":"publish","type":"product","link":"https:\/\/aquabluepiscine.ro\/store\/magazin\/piscine\/schimbator-de-caldura-si-incalzitoare-electrice\/incalzitor-electric-d-ewt-9-kw\/","title":{"rendered":"Incalzitor electric D-EWT 9 kW"},"content":{"rendered":"<h1>Incalzitor electric D-EWT 9 kW<\/h1>\n<p>Incalzitorul electric din linia economica D-EWT este prevazut cu termostat de comanda 0-40\u00b0C si\u00a0 termostat de siguranta 55 \u00b0 C.<br \/>\nTotodata, pentru siguranta rezistentelor incalzitorul are inca o protectie suplimentara cu un comutator de presiune.<br \/>\nEste un echipament foarte rentabil fara a limita functionalitatea si calitatea.<br \/>\nAcesta este extrem de versatil &#8211; pentru incalzirea piscinelor, a spa-urilor si a facilitatilor similare fiind perfect pentru bazine permanente si mobile.<br \/>\nIncalzitorul electric este usor si simplu de conectat la circuitul de apa cu ajutorul mufelor prin lipire D50.<\/p>\n<p><strong>Caracteristici:<\/strong><\/p>\n<p>Elementele de incalzire sunt rezistente la coroziune;<br \/>\nRezistentele electrice &#8211; Incoloy 825;<br \/>\nDebit pompa pentru un randament maxim 2.8mc\/h;<br \/>\nAlimentare 230\/400V;<br \/>\nPresiune maxima de functionare 3bari;<br \/>\nMaterial exterior constructiv &#8211; Inox AISI 316;<br \/>\nRacoruduri la instalatie &#8211; PVC &#8211; lipire;<br \/>\nNecesita panou comanda.<\/p>\n<p><strong>ATENTIE:<\/strong>\u00a0dispozitivul de dezinfectare trebuie instalat numai dup\u0103 \u00eenc\u0103lzitorul electric, astfel \u00eenc\u00e2t nici substan\u021bele chimice, nici gazele s\u0103 nu-\u0219i corodeze corpul dup\u0103 oprirea acestuia.<br \/>\nTrebuie conectat la cablul de mas\u0103.<br \/>\nTrebuie utilizat un cablu HN7 RNF sau VDE 100.<br \/>\nCircuitul de control trebuie s\u0103 reziste la un curent alternativ maxim de 1A \u0219i s\u0103 fie conectat la circuitul de comutare al pompei de circula\u021bie a apei (filtrare).<\/p>\n<p>Pretul afisat este pe 1 buc<br \/>\nPreturile contin TVA.<br \/>\nPoza este cu caracter orientativ.<br \/>\nIn pretul produselor nu este inclus transportul, instalarea sau manipularea ulterioara.<\/p>\n","protected":false},"excerpt":{"rendered":"<p>Incalzitor electric D-EWT 9 kW Incalzitorul electric din linia economica D-EWT este prevazut cu termostat de comanda 0-40\u00b0C si\u00a0 termostat de siguranta 55 \u00b0 C. Totodata, pentru siguranta rezistentelor incalzitorul are inca o protectie suplimentara cu un comutator de presiune. Este un echipament foarte rentabil fara a limita functionalitatea si calitatea. Acesta este extrem de &hellip;<br \/><a href=\"https:\/\/aquabluepiscine.ro\/store\/magazin\/piscine\/schimbator-de-caldura-si-incalzitoare-electrice\/incalzitor-electric-d-ewt-9-kw\/\" class=\"more-link pen_button pen_element_default pen_icon_arrow_double\">Continu\u0103 lectura <span class=\"screen-reader-text\">Incalzitor electric D-EWT 9 kW<\/span><\/a><\/p>\n","protected":false},"featured_media":917,"comment_status":"open","ping_status":"closed","template":"","meta":[],"product_cat":[15,723],"product_tag":[420,189,415,414,85],"_links":{"self":[{"href":"https:\/\/aquabluepiscine.ro\/store\/wp-json\/wp\/v2\/product\/916"}],"collection":[{"href":"https:\/\/aquabluepiscine.ro\/store\/wp-json\/wp\/v2\/product"}],"about":[{"href":"https:\/\/aquabluepiscine.ro\/store\/wp-json\/wp\/v2\/types\/product"}],"replies":[{"embeddable":true,"href":"https:\/\/aquabluepiscine.ro\/store\/wp-json\/wp\/v2\/comments?post=916"}],"wp:featuredmedia":[{"embeddable":true,"href":"https:\/\/aquabluepiscine.ro\/store\/wp-json\/wp\/v2\/media\/917"}],"wp:attachment":[{"href":"https:\/\/aquabluepiscine.ro\/store\/wp-json\/wp\/v2\/media?parent=916"}],"wp:term":[{"taxonomy":"product_cat","embeddable":true,"href":"https:\/\/aquabluepiscine.ro\/store\/wp-json\/wp\/v2\/product_cat?post=916"},{"taxonomy":"product_tag","embeddable":true,"href":"https:\/\/aquabluepiscine.ro\/store\/wp-json\/wp\/v2\/product_tag?post=916"}],"curies":[{"name":"wp","href":"https:\/\/api.w.org\/{rel}","templated":true}]}}