{"id":920,"date":"2020-04-16T05:42:08","date_gmt":"2020-04-16T05:42:08","guid":{"rendered":"https:\/\/aquabluepiscine.ro\/store\/?post_type=product&#038;p=920"},"modified":"2021-05-25T10:46:21","modified_gmt":"2021-05-25T10:46:21","slug":"incalzitor-electric-elecro-flow-line-9kw","status":"publish","type":"product","link":"https:\/\/aquabluepiscine.ro\/store\/magazin\/piscine\/schimbator-de-caldura-si-incalzitoare-electrice\/incalzitor-electric-elecro-flow-line-9kw\/","title":{"rendered":"Incalzitor electric Elecro Flow Line 9kW"},"content":{"rendered":"<p><strong>Incalzitor electric Elecro Flow Line 9kW<\/strong><\/p>\n<div>\n<p><strong>Caracteristici:<\/strong><\/p>\n<p>Sigur \u0219i robust;<\/p>\n<\/div>\n<div>Design lucios pentru o instalare u\u0219oar\u0103;<\/div>\n<div>Elemente de \u00eenc\u0103lzire cu titan;<\/div>\n<div>Tub din o\u021bel inoxidabil AISI 316;<\/div>\n<div>Disponibil cu tub de titan pentru aplica\u021bii cu ap\u0103 de mare;<\/div>\n<div>Comutatorul de debit ultra-fiabil permite o func\u021bionare sigur\u0103 de p\u00e2n\u0103 la 1000 litri pe or\u0103;<\/div>\n<div>Posibilitate de montare pe podea sau perete;<\/div>\n<div>Echipat cu termostatul de control \u0219i protectie termic\u0103 de siguran\u021b\u0103 cu resetare manual\u0103<\/div>\n<div>100% eficien\u021b\u0103 opera\u021bional\u0103 pe toat\u0103 durata de via\u021b\u0103 a produsului<\/div>\n<div><strong>Descriere:<\/strong><\/div>\n<div>Construc\u021bia robust\u0103 \u0219i durabil\u0103 a liniei Elecro Flow asigur\u0103 o performan\u021b\u0103 eficient\u0103, sigur\u0103 \u0219i fiabil\u0103.<\/div>\n<div>Toate \u00eenc\u0103lzitoarele electrice Elecro ofer\u0103 o tehnologie unic\u0103 \u0219i dovedit\u0103 a elementelor de \u00eenc\u0103lzire prin care se creeaz\u0103 un vortex turbulent \u00een fluxul de ap\u0103.<br \/>\nAcest lucru ofer\u0103 o eficien\u021b\u0103 remarcabil\u0103 \u0219i o durata de via\u021b\u0103 prelungit\u0103 prin prevenirea acumul\u0103rii z\u0103c\u0103mintelor minerale pe elementul de \u00eenc\u0103lzire.<\/div>\n<div>Incalzitorul electric\u00a0Elecro Flow Line\u00a0este proiectat \u0219i fabricat la cele mai \u00eenalte specifica\u021bii pentru a \u00eenc\u0103lzi f\u0103r\u0103 efort piscina la temperatura dorit\u0103.<\/div>\n<div>Construc\u021bia const\u0103 \u00eentr-un tub de curgere care este prev\u0103zut cu mulaje de intrare \u0219i ie\u0219ire fabricate din material special din aliaj de polimer.<\/div>\n<div>Formatul de evacuare g\u0103zduie\u0219te un comutator de debit reversibil cu o stuf\u0103 cu v\u00e2rf auriu \u0219i un \u0219tift de titan.<\/div>\n<div>\u00cenc\u0103lzitorul este sus\u021binut pe dou\u0103 picioare rotative; acestea pot fi rotite pentru a permite montarea pe perete sau pe podea.<br \/>\nElementele de control ale \u00eenc\u0103lzitorului sunt pozi\u021bionate pe fa\u021ba superioar\u0103 a carcasei.<\/div>\n<div>\n<p>Turul\u00a0 de admisie a fost proiectat pentru a asigura imersarea complet\u0103 a elementelor, reduc\u00e2nd \u00een mare m\u0103sur\u0103 riscurile de blocare a aerului.<\/p>\n<p><strong>Foarte important!<\/strong><\/p>\n<\/div>\n<div>Incalzitorul Flow Line nu este cablat \u0219i trebuie conectat la un contactor extern pentru a comuta alimentarea la \u0219i de la elementele de \u00eenc\u0103lzire.<\/div>\n<div><\/div>\n<div>\n<p>Pentru op\u021biunile complet pre-cablate, v\u0103 rug\u0103m s\u0103 consulta\u021bi gamele noastre Evolution sau Optima Compact.<\/p>\n<div><strong>Modele de incalzitoare electrice:<\/strong><\/div>\n<div>\n<p>230V 1 Phase<\/p>\n<table border=\"1\" width=\"785\" cellspacing=\"0\" cellpadding=\"0\" align=\"center\">\n<tbody>\n<tr>\n<td>Power Output<\/td>\n<td>Load (Amp)<\/td>\n<td>Stainless Steel Flow Tube With<br \/>\nIncoloy 825<br \/>\nHeating Elements<\/td>\n<td>Stainless Steel Flow Tube With Titanium<br \/>\nHeating Elements<\/td>\n<td>Dimension &#8216;L&#8217;<\/td>\n<\/tr>\n<tr>\n<td>3-kW<\/td>\n<td>13<\/td>\n<td>803B<\/td>\n<td>8T83B<\/td>\n<td>462-mm<\/td>\n<\/tr>\n<tr>\n<td>6-kW<\/td>\n<td>27<\/td>\n<td>806B<\/td>\n<td>8T86B<\/td>\n<td>462-mm<\/td>\n<\/tr>\n<tr>\n<td>9-kW<\/td>\n<td>40<\/td>\n<td>809B<\/td>\n<td>8T89B<\/td>\n<td>462-mm<\/td>\n<\/tr>\n<\/tbody>\n<\/table>\n<p>380V~440V 3 Phase<\/p>\n<table border=\"1\" width=\"785\" cellspacing=\"0\" cellpadding=\"0\" align=\"center\">\n<tbody>\n<tr>\n<td>Power Output<\/td>\n<td>Load (Amp)<\/td>\n<td>Stainless Steel Flow Tube With<br \/>\nIncoloy 825<br \/>\nHeating Elements<\/td>\n<td>Stainless Steel Flow Tube With Titanium<br \/>\nHeating Elements<\/td>\n<td>Dimension &#8216;L&#8217;<\/td>\n<\/tr>\n<tr>\n<td>6-kW<\/td>\n<td>9<\/td>\n<td>836B<\/td>\n<td>8T36B<\/td>\n<td>592-mm<\/td>\n<\/tr>\n<tr>\n<td>9-kW<\/td>\n<td>13<\/td>\n<td>839B<\/td>\n<td>8T39B<\/td>\n<td>592-mm<\/td>\n<\/tr>\n<tr>\n<td>12-kW<\/td>\n<td>18<\/td>\n<td>83AB<\/td>\n<td>8T3AB<\/td>\n<td>592-mm<\/td>\n<\/tr>\n<tr>\n<td>15-kW<\/td>\n<td>22<\/td>\n<td>83BB<\/td>\n<td>8T3BB<\/td>\n<td>592-mm<\/td>\n<\/tr>\n<tr>\n<td>18-kW<\/td>\n<td>26<\/td>\n<td>83CB<\/td>\n<td>8T3CB<\/td>\n<td>592-mm<\/td>\n<\/tr>\n<\/tbody>\n<\/table>\n<p>230V 3 Phase<\/p>\n<table border=\"1\" cellspacing=\"0\" cellpadding=\"0\" align=\"center\">\n<tbody>\n<tr>\n<td>Power Output<\/td>\n<td>Load (Amp)<\/td>\n<td>Stainless Steel Flow Tube With<br \/>\nIncoloy 825<br \/>\nHeating Elements<\/td>\n<td>Stainless Steel Flow Tube With Titanium<br \/>\nHeating Elements<\/td>\n<td>Dimension &#8216;L&#8217;<\/td>\n<\/tr>\n<tr>\n<td>12-kW<\/td>\n<td>30<\/td>\n<td>8T3AB &#8211; DELTA<\/td>\n<td>T3AB &#8211; DELTA<\/td>\n<td>592-mm<\/td>\n<\/tr>\n<tr>\n<td>15-kW<\/td>\n<td>38<\/td>\n<td>8T3BB &#8211; DELTA<\/td>\n<td>T3BB &#8211; DELTA<\/td>\n<td>592-mm<\/td>\n<\/tr>\n<tr>\n<td>18-kW<\/td>\n<td>46<\/td>\n<td>8T3CB &#8211; DELTA<\/td>\n<td>T3CB DELTA<\/td>\n<td>592-mm<\/td>\n<\/tr>\n<\/tbody>\n<\/table>\n<\/div>\n<\/div>\n","protected":false},"excerpt":{"rendered":"<p>Incalzitor electric Elecro Flow Line 9kW Caracteristici: Sigur \u0219i robust; Design lucios pentru o instalare u\u0219oar\u0103; Elemente de \u00eenc\u0103lzire cu titan; Tub din o\u021bel inoxidabil AISI 316; Disponibil cu tub de titan pentru aplica\u021bii cu ap\u0103 de mare; Comutatorul de debit ultra-fiabil permite o func\u021bionare sigur\u0103 de p\u00e2n\u0103 la 1000 litri pe or\u0103; Posibilitate de &hellip;<br \/><a href=\"https:\/\/aquabluepiscine.ro\/store\/magazin\/piscine\/schimbator-de-caldura-si-incalzitoare-electrice\/incalzitor-electric-elecro-flow-line-9kw\/\" class=\"more-link pen_button pen_element_default pen_icon_arrow_double\">Continu\u0103 lectura <span class=\"screen-reader-text\">Incalzitor electric Elecro Flow Line 9kW<\/span><\/a><\/p>\n","protected":false},"featured_media":919,"comment_status":"open","ping_status":"closed","template":"","meta":[],"product_cat":[15,723],"product_tag":[420,404,415,414,85],"_links":{"self":[{"href":"https:\/\/aquabluepiscine.ro\/store\/wp-json\/wp\/v2\/product\/920"}],"collection":[{"href":"https:\/\/aquabluepiscine.ro\/store\/wp-json\/wp\/v2\/product"}],"about":[{"href":"https:\/\/aquabluepiscine.ro\/store\/wp-json\/wp\/v2\/types\/product"}],"replies":[{"embeddable":true,"href":"https:\/\/aquabluepiscine.ro\/store\/wp-json\/wp\/v2\/comments?post=920"}],"wp:featuredmedia":[{"embeddable":true,"href":"https:\/\/aquabluepiscine.ro\/store\/wp-json\/wp\/v2\/media\/919"}],"wp:attachment":[{"href":"https:\/\/aquabluepiscine.ro\/store\/wp-json\/wp\/v2\/media?parent=920"}],"wp:term":[{"taxonomy":"product_cat","embeddable":true,"href":"https:\/\/aquabluepiscine.ro\/store\/wp-json\/wp\/v2\/product_cat?post=920"},{"taxonomy":"product_tag","embeddable":true,"href":"https:\/\/aquabluepiscine.ro\/store\/wp-json\/wp\/v2\/product_tag?post=920"}],"curies":[{"name":"wp","href":"https:\/\/api.w.org\/{rel}","templated":true}]}}